{"id":7779,"date":"2024-02-15T15:16:48","date_gmt":"2024-02-15T14:16:48","guid":{"rendered":"https:\/\/acmit.at\/?page_id=7779"},"modified":"2024-06-14T12:33:57","modified_gmt":"2024-06-14T10:33:57","slug":"mdotdienstleistungen","status":"publish","type":"page","link":"https:\/\/acmit.at\/de\/mdotdienstleistungen\/","title":{"rendered":"MDOT Dienstleistungen"},"content":{"rendered":"\n\n\t\t\t<h2>MDOT Dienstleistungen<\/h2>\n\t\t\t<h3>Task Force zu Verpflichtungen f\u00fcr Medizinprodukte (MDOT)<\/h3>\n\t\t\t\t<p><strong>Open Innovation Test Beds (OITBs) zur Sicherheitspr\u00fcfung, um die Innovations- und Wirtschaftskraft der Medizintechnik zu erhalten und die europ\u00e4ische Medizinprodukte-Verordnung auf einem neuen Niveau der Patientensicherheit zu unterst\u00fctzen.<\/strong><\/p>\n<p>MDOT unterst\u00fctzt MedTech-Hersteller in allen Phasen der Entwicklung, einschlie\u00dflich der Verwaltung regulatorischer Angelegenheiten, der Verifizierung und Validierung sowie der Erstellung genehmigter technischer Beschreibungen.<\/p>\n<p>Das MDOT-Netzwerk unterst\u00fctzt kleine und mittlere Unternehmen (KMU) der europ\u00e4ischen Medizinprodukteindustrie bei ihrer Konformit\u00e4tsbewertung und verbessert gleichzeitig die Qualit\u00e4t und Einhaltung gesetzlicher Vorschriften in den Bereichen Technologieentwicklung, klinische Untersuchungen und Unternehmensberatung.<\/p>\n\t\t\t\t<a href=\"https:\/\/acmit.at\/wp-content\/uploads\/2023\/12\/web-bild-1_KON.jpg\" target=\"_self\" itemprop=\"url\" rel=\"noopener\">\n\t\t\t\t<img decoding=\"async\" src=\"https:\/\/acmit.at\/wp-content\/uploads\/2023\/12\/web-bild-1_KON.jpg\" alt=\"web bild 1_KON\" itemprop=\"image\" height=\"1077\" width=\"1920\" title=\"web bild 1_KON\" onerror=\"this.style.display='none'\"  \/>\n\t\t\t\t<\/a>\n\t\t\t\t<p><strong>MDOT Partner:<\/strong><\/p>\n<ul>\n<li>ACMIT Gmbh, \u00d6sterreich<\/li>\n<li>Borm Nanoconsult Holding BV, Niederlande<\/li>\n<li>DEMCON advanced mechatronics Zuid B.V., Niederlande<\/li>\n<li>Fraunhofer Gesellschaft zur F\u00f6rderung der Angewandten Forschung E.V., Deutschland<\/li>\n<li>Manegold Christoph-Robert, Deutschland<\/li>\n<li>Mathys AG Bettlach, Schweiz<\/li>\n<li>Medizinische Hochschule Hannover, Deutschland<\/li>\n<\/ul>\n\t\t\t\t<a href=\"https:\/\/acmit.at\/wp-content\/uploads\/2023\/12\/MDOT-Services-_KON.jpg\" target=\"_self\" itemprop=\"url\" rel=\"noopener\">\n\t\t\t\t<img decoding=\"async\" src=\"https:\/\/acmit.at\/wp-content\/uploads\/2023\/12\/MDOT-Services-_KON.jpg\" alt=\"MDOT Services _KON\" itemprop=\"image\" height=\"1070\" width=\"1920\" title=\"MDOT Services _KON\" onerror=\"this.style.display='none'\"  \/>\n\t\t\t\t<\/a>\n\t\t\t\t<p><strong>Customer Journey und Single Entry Point (SEP):<\/strong><\/p>\n<p>Nach der Registrierung Ihrer Serviceanfrage \u00fcber die E-Mail-Adresse <a href=\"mailto:sep-mdot@acmit.at\" target=\"_blank\" rel=\"noopener\">sep-mdot@acmit.at<\/a> wird sich unser Key Account Manager mit Ihnen in Verbindung setzen, um die von Ihnen ben\u00f6tigten Services individuell zu definieren. Sobald diese Leistungen definiert sind, wird ein Projektteam bestehend aus MDOT-Partnern und Experten zusammengestellt. Professionelles technisches und operatives Management sorgt f\u00fcr effiziente Teamarbeit und ein erfolgreiches Projekt.<\/p>\n\t\t\t\t<a href=\"https:\/\/acmit.at\/wp-content\/uploads\/2023\/12\/Customery-Journey-_KON_2-1.jpg\" target=\"_self\" itemprop=\"url\" rel=\"noopener\">\n\t\t\t\t<img decoding=\"async\" src=\"https:\/\/acmit.at\/wp-content\/uploads\/2023\/12\/Customery-Journey-_KON_2-1.jpg\" alt=\"Customery Journey _KON_2\" itemprop=\"image\" height=\"1074\" width=\"1920\" title=\"Customery Journey _KON_2\" onerror=\"this.style.display='none'\"  \/>\n\t\t\t\t<\/a>\n\t\t\t\t<p><strong>Haben Sie Interesse an unseren Leistungen? Bitte z\u00f6gern Sie nicht, uns zu kontaktieren!<\/strong><\/p>\n<p><a href=\"mailto:sep-mdot@acmit.at\" target=\"_blank\" rel=\"noopener\"><strong>sep-mdot@acmit.at<\/strong><\/a><\/p>\n<p>\u00a0<\/p>\n\n","protected":false},"excerpt":{"rendered":"<p>MDOT Dienstleistungen Task Force zu Verpflichtungen f\u00fcr Medizinprodukte (MDOT) Open Innovation Test Beds (OITBs) zur Sicherheitspr\u00fcfung, um die Innovations- und Wirtschaftskraft der Medizintechnik zu erhalten und die europ\u00e4ische Medizinprodukte-Verordnung auf einem neuen Niveau der Patientensicherheit zu unterst\u00fctzen. MDOT unterst\u00fctzt MedTech-Hersteller [&hellip;]<\/p>\n","protected":false},"author":3,"featured_media":0,"parent":0,"menu_order":0,"comment_status":"closed","ping_status":"closed","template":"","meta":{"_acf_changed":false,"_uag_custom_page_level_css":"","site-sidebar-layout":"no-sidebar","site-content-layout":"page-builder","ast-site-content-layout":"full-width-container","site-content-style":"unboxed","site-sidebar-style":"unboxed","ast-global-header-display":"","ast-banner-title-visibility":"","ast-main-header-display":"","ast-hfb-above-header-display":"","ast-hfb-below-header-display":"","ast-hfb-mobile-header-display":"","site-post-title":"disabled","ast-breadcrumbs-content":"","ast-featured-img":"disabled","footer-sml-layout":"","theme-transparent-header-meta":"default","adv-header-id-meta":"","stick-header-meta":"default","header-above-stick-meta":"","header-main-stick-meta":"","header-below-stick-meta":"","astra-migrate-meta-layouts":"set","ast-page-background-enabled":"default","ast-page-background-meta":{"desktop":{"background-color":"","background-image":"","background-repeat":"repeat","background-position":"center center","background-size":"auto","background-attachment":"scroll","background-type":"","background-media":"","overlay-type":"","overlay-color":"","overlay-opacity":"","overlay-gradient":""},"tablet":{"background-color":"","background-image":"","background-repeat":"repeat","background-position":"center center","background-size":"auto","background-attachment":"scroll","background-type":"","background-media":"","overlay-type":"","overlay-color":"","overlay-opacity":"","overlay-gradient":""},"mobile":{"background-color":"","background-image":"","background-repeat":"repeat","background-position":"center center","background-size":"auto","background-attachment":"scroll","background-type":"","background-media":"","overlay-type":"","overlay-color":"","overlay-opacity":"","overlay-gradient":""}},"ast-content-background-meta":{"desktop":{"background-color":"var(--ast-global-color-5)","background-image":"","background-repeat":"repeat","background-position":"center center","background-size":"auto","background-attachment":"scroll","background-type":"","background-media":"","overlay-type":"","overlay-color":"","overlay-opacity":"","overlay-gradient":""},"tablet":{"background-color":"var(--ast-global-color-5)","background-image":"","background-repeat":"repeat","background-position":"center center","background-size":"auto","background-attachment":"scroll","background-type":"","background-media":"","overlay-type":"","overlay-color":"","overlay-opacity":"","overlay-gradient":""},"mobile":{"background-color":"var(--ast-global-color-5)","background-image":"","background-repeat":"repeat","background-position":"center center","background-size":"auto","background-attachment":"scroll","background-type":"","background-media":"","overlay-type":"","overlay-color":"","overlay-opacity":"","overlay-gradient":""}},"footnotes":""},"class_list":["post-7779","page","type-page","status-publish","hentry"],"acf":[],"uagb_featured_image_src":{"full":false,"thumbnail":false,"medium":false,"medium_large":false,"large":false,"1536x1536":false,"2048x2048":false,"woocommerce_thumbnail":false,"woocommerce_single":false,"woocommerce_gallery_thumbnail":false},"uagb_author_info":{"display_name":"Noemi Kozma","author_link":"https:\/\/acmit.at\/de\/author\/kon\/"},"uagb_comment_info":0,"uagb_excerpt":"MDOT Dienstleistungen Task Force zu Verpflichtungen f\u00fcr Medizinprodukte (MDOT) Open Innovation Test Beds (OITBs) zur Sicherheitspr\u00fcfung, um die Innovations- und Wirtschaftskraft der Medizintechnik zu erhalten und die europ\u00e4ische Medizinprodukte-Verordnung auf einem neuen Niveau der Patientensicherheit zu unterst\u00fctzen. MDOT unterst\u00fctzt MedTech-Hersteller [&hellip;]","_links":{"self":[{"href":"https:\/\/acmit.at\/de\/wp-json\/wp\/v2\/pages\/7779","targetHints":{"allow":["GET"]}}],"collection":[{"href":"https:\/\/acmit.at\/de\/wp-json\/wp\/v2\/pages"}],"about":[{"href":"https:\/\/acmit.at\/de\/wp-json\/wp\/v2\/types\/page"}],"author":[{"embeddable":true,"href":"https:\/\/acmit.at\/de\/wp-json\/wp\/v2\/users\/3"}],"replies":[{"embeddable":true,"href":"https:\/\/acmit.at\/de\/wp-json\/wp\/v2\/comments?post=7779"}],"version-history":[{"count":7,"href":"https:\/\/acmit.at\/de\/wp-json\/wp\/v2\/pages\/7779\/revisions"}],"predecessor-version":[{"id":8074,"href":"https:\/\/acmit.at\/de\/wp-json\/wp\/v2\/pages\/7779\/revisions\/8074"}],"wp:attachment":[{"href":"https:\/\/acmit.at\/de\/wp-json\/wp\/v2\/media?parent=7779"}],"curies":[{"name":"wp","href":"https:\/\/api.w.org\/{rel}","templated":true}]}}