{"id":6577,"date":"2021-07-01T14:16:08","date_gmt":"2021-07-01T12:16:08","guid":{"rendered":"https:\/\/acmit.at\/privacy-policy\/"},"modified":"2025-09-26T13:52:46","modified_gmt":"2025-09-26T11:52:46","slug":"datenschutzbestimmungen","status":"publish","type":"page","link":"https:\/\/acmit.at\/de\/datenschutzbestimmungen\/","title":{"rendered":"Datenschutzbestimmungen"},"content":{"rendered":"\n\n\t\t\t\t<p>Diese Website verwendet <strong>Matomo<\/strong>, eine Open-Source-Webanalyseplattform. Mit einer Webanalyseplattform werden von einem Website-Inhaber Besucherdaten gemessen, gesammelt und analysiert um die Website zu optimieren. Wenn Sie sehen m\u00f6chten, wie Matomo aussieht, k\u00f6nnen Sie unter <a href=\"https:\/\/demo.matomo.cloud\" target=\"_blank\" rel=\"noopener\">https:\/\/demo.matomo.cloud<\/a> auf eine Demoversion zugreifen. Matomo wird verwendet, um das Verhalten der Website-Besucher zu analysieren; nicht gefundene Seiten, Suchmaschinen-Indizierungsprobleme und Lieblingsinhalte. Auf Basis der verarbeiteten Daten, erstellt Matomo Berichte f\u00fcr Website-Inhaber, um Ma\u00dfnahmen zu ergreifen, z. B. das Layout der Seiten zu \u00e4ndern, neue Inhalte zu ver\u00f6ffentlichen usw.<br \/>Die Verarbeitung personenbezogener Daten mit Matomo erfolgt auf Grundlage einer ausdr\u00fccklichen Einwilligung (<span class=\"borlabs-cookie-open-dialog-preferences \" data-borlabs-cookie-title=\"Cookie-Konfiguration \u00f6ffnen\" data-borlabs-cookie-type=\"link\" ><\/span>). Your privacy is our highest concern. Ihre Privatsph\u00e4re ist unser h\u00f6chstes Anliegen. Deshalb verarbeiten wir mit Matomo keine personenbezogenen Daten, es sei denn, Sie geben uns eine ausdr\u00fcckliche Einwilligung. Matomo-Daten werden in \u00d6sterreich gehostet.<\/p>\n<p>Bei Fragen zum Datenschutz wenden Sie sich bitte an <a href=\"mailto:datenschutz@acmit.at\">datenschutz@acmit.at<\/a>.<\/p>\n<p><strong>Datenverarbeitung im Zusammenhang mit der Nutzung der Website<\/strong><\/p>\n<p>Die Nutzung der Website und ihrer Funktionen erfordert h\u00e4ufig die Verarbeitung bestimmter personenbezogener Daten. Dabei handelt es sich um alle benutzerbezogenen Daten wie Name, Wohnort, E-Mail-Adresse und Telefon.<\/p>\n<p><strong>Online Shop<\/strong><br \/>Im Rahmen einer Bestellung m\u00fcssen personenbezogene Daten wie Name, E-Mail-Adresse und Wohnort wahrheitsgem\u00e4\u00df angegeben werden. Wir weisen darauf hin, dass der Webshop-Betreiber zum Zwecke eines einfacheren Einkaufsvorgangs und zur sp\u00e4teren Vertragsabwicklung \u00fcber Cookies folgende Daten speichert: die IP-Daten des Teilnehmers, den Namen und die Anschrift des K\u00e4ufers, die ausgew\u00e4hlte Ware und das Kaufdatum. Es erfolgt keine Daten\u00fcbertragung an Dritte. Im Falle eines Vertragsabschlusses werden alle Daten aus dem Vertragsverh\u00e4ltnis gem\u00e4\u00df den aktuell geltenden gesetzlichen Vorgaben gespeichert.<\/p>\n<p><strong>Google Maps<\/strong><br \/>Bearbeitungszweck: Einbindung interaktiver Karten und Kartenfunktion von Google Maps<br \/>Rechtsgrundlage: Artikel 6 Absatz (1)(f), DSGVO<br \/>Datenkategorien: Nutzungsdaten, Verbindungsdaten, Standortdaten<br \/>Empf\u00e4nger der Daten: Google Ireland Ltd., Gordon House, Barrow Street, Dublin 4, Ireland<br \/>Beabsichtigte Drittlands\u00fcbermittlung: In bestimmten F\u00e4llen die USA (gem\u00e4\u00df Beschluss (EU) 2016\/1250 &#8211; &#8222;EU-US-Datenschutzschild&#8220;)<br \/>Speichern wir personenbezogene Daten auf Ihrem Endger\u00e4t auf der Grundlage Ihrer Einwilligung oder lesen wir diese Daten? Nein<\/p>\n<p><strong>Social-Media-Widgets<\/strong><br \/>Verwenden Sie die Social-Media-Symbole in der Fu\u00dfzeile der Website, um sich direkt mit definierten Social-Media-Anbietern zu verbinden. Eine \u00dcbermittlung personenbezogener Daten erfolgt erst beim Anklicken der Sharing-Icons.<\/p>\n<p><strong>Empfehlung in Bezug auf externe Webseiten der ACMIT Gmbh<\/strong><\/p>\n<p><strong>LinkedIn Website<\/strong><br \/>Verarbeitungszweck: Wir betreiben eine LinkedIn-Seite zu unserem Unternehmen unter https:\/\/www.linkedin.com\/company\/acmit. Wenn Sie unsere LinkedIn-Seite besuchen und nutzen, kann LinkedIn Ihr Nutzungsverhalten auswerten und die gewonnenen Informationen an uns weitergeben. Diese Informationen werden verwendet, um den wirtschaftlichen Nutzen unseres Internetauftritts zu maximieren und bedarfsgerecht zu gestalten.<br \/>Rechtsgrundlage: Artikel 6 Absatz (1) (f) DSGVO<br \/>Datenkategorien: ggf. Stammdaten, ggf. Kontaktdaten, Inhaltsdaten, Nutzungsdaten, Verbindungsdaten<br \/>Empf\u00e4nger der Daten: LinkedIn Ireland Unlimited Company, Wilton Place, Dublin 2, Ireland (als gemeinsamer Verantwortlicher &#8211; die wesentlichen Vertragsbedingungen stehen zum Download unter https:\/\/legal.linkedin.com\/pages-joint-controller-addendum zur Verf\u00fcgung)<br \/>Beabsichtigte Drittland\u00fcbermittlung: Keine<br \/>Speichern wir personenbezogene Daten auf Ihrem Endger\u00e4t auf der Grundlage Ihrer Einwilligung oder lesen wir diese Daten? Nein<br \/>Betroffenenrechte: LinkedIn ist f\u00fcr die Umsetzung Ihrer Betroffenenrechte verantwortlich. LinkedIn informiert \u00fcber Ihre Betroffenenrechte unter www.linkedin.com\/legal\/privacy-policy. Sie k\u00f6nnen Ihre Rechte uns gegen\u00fcber geltend machen; wir leiten Ihre Anfrage dann umgehend an LinkedIn weiter.<\/p>\n<p><strong>Xing Website<\/strong><br \/>Verarbeitungszweck: Wir betreiben eine Xing-Seite \u00fcber unser Unternehmen unter https:\/\/www.xing.com\/companies\/acmitgmbh. Wenn Sie unsere Xing-Seite besuchen und nutzen, kann New Work SE (\u201eXing&#8220;) Ihr Nutzungsverhalten auswerten und die dadurch erhaltenen Informationen mit uns teilen. Diese Informationen werden verwendet, um den wirtschaftlichen Nutzen unseres Internetauftritts zu maximieren und bedarfsgerecht zu gestalten.<br \/>Rechtsgrundlage: Artikel 6 Absatz (1) (f) DSGVO<br \/>Datenkategorien: Stammdaten, Kontaktdaten, Inhaltsdaten, Nutzungsdaten, Verbindungsdaten<br \/>Empf\u00e4nger der Daten: New Work SE, Dammtorstra\u00dfe 30, 20354 Hamburg<br \/>Beabsichtigte Drittland\u00fcbermittlung: Keine<br \/>Speichern wir personenbezogene Daten auf Ihrem Endger\u00e4t auf der Grundlage Ihrer Einwilligung oder lesen wir diese Daten? Nein<\/p>\n<p><strong>Facebook pages<\/strong><br \/>Verarbeitungszweck: Unter https:\/\/www.facebook.com\/www.acmit.at\/ betreiben wir eine Seite zu unserem Unternehmen. Wenn Sie unsere Facebook-Seite besuchen und nutzen, kann Facebook Ihr Nutzungsverhalten auswerten und die dadurch gewonnenen Informationen mit uns teilen (\u201eInsights&#8220;). Die Seiten-Insights werden verwendet, um den wirtschaftlichen Nutzen unseres Internetauftritts zu maximieren und bedarfsgerecht zu gestalten.<br \/>Rechtsgrundlage: Artikel 6 Absatz (1) (f) DSGVO<br \/>Datenkategorien: ggf. Stammdaten, ggf. Kontaktdaten, Inhaltsdaten, Nutzungsdaten, Verbindungsdaten<br \/>Empf\u00e4nger der Daten: Facebook Ireland Ltd., 4 Grand Canal Square, Grand Canal Harbour, Dublin 2, Ireland (als gemeinsamer Verantwortlicher &#8211; die wesentlichen Vertragsbedingungen stehen zum Download unter https:\/\/www.facebook.com\/legal\/terms\/page_controller_addendum) zur Verf\u00fcgung.<br \/>Beabsichtigte Drittland\u00fcbermittlung: Keine<br \/>Speichern wir personenbezogene Daten auf Ihrem Endger\u00e4t auf der Grundlage Ihrer Einwilligung oder lesen wir diese Daten? Nein<br \/>Betroffenenrechte: Facebook ist f\u00fcr die Umsetzung Ihrer Betroffenenrechte verantwortlich. Facebook informiert unter https:\/\/www.facebook.com\/legal\/terms\/information_about_page_insights_data \u00fcber Ihre Betroffenenrechte. Sie k\u00f6nnen Ihre Rechte uns gegen\u00fcber geltend machen; wir leiten Ihre Anfrage dann umgehend an Facebook weiter.<\/p>\n<p><strong>Instagram<\/strong><br \/>Verarbeitungszweck: Unter https:\/\/www.instagram.com\/acmit_\/ betreiben wir eine Seite, ein Angebot der Facebook Ireland Ltd. (\u201eFacebook&#8220;). Wenn Sie unsere Instagram-Seite besuchen und nutzen, kann Facebook Ihr Nutzungsverhalten auswerten und die so gewonnenen Informationen mit uns teilen (\u201eInsights&#8220;). Die Seiten-Insights werden verwendet, um den wirtschaftlichen Nutzen unseres Internetauftritts zu maximieren und bedarfsgerecht zu gestalten.<br \/>Rechtsgrundlage: Artikel 6 Absatz (1) (f) DSGVO<br \/>Datenkategorien: ggf. Stammdaten, ggf. Kontaktdaten, Inhaltsdaten, Nutzungsdaten, Verbindungsdaten<br \/>Empf\u00e4nger der Daten: Facebook Ireland Ltd., 4 Grand Canal Square, Grand Canal Harbour, Dublin 2, Ireland (als gemeinsamer Verantwortlicher &#8211; die wesentlichen Bedingungen der Vereinbarung stehen unter https:\/\/www.facebook.com\/legal\/terms\/page_controller_addendum zum Download zur Verf\u00fcgung)<br \/>Beabsichtigte Drittland\u00fcbermittlung: Keine<br \/>Speichern wir personenbezogene Daten auf Ihrem Endger\u00e4t auf der Grundlage Ihrer Einwilligung oder lesen wir diese Daten? Nein<br \/>Betroffenenrechte: Facebook ist f\u00fcr die Umsetzung Ihrer Betroffenenrechte verantwortlich. Facebook informiert unter https:\/\/www.facebook.com\/legal\/terms\/information_about_page_insights_data \u00fcber Ihre Betroffenenrechte. Sie k\u00f6nnen Ihre Rechte uns gegen\u00fcber geltend machen; wir leiten Ihre Anfrage dann umgehend an Facebook weiter.<\/p>\n<p><strong>YouTube Kanal<\/strong><br \/>Verarbeitungszweck: Wir betreiben unter https:\/\/www.youtube.com\/channel\/UCPxsinS_jveGL2pARtg8MjA eine Seite \u00fcber unser Unternehmen. Wenn Sie unseren YouTube-Kanal besuchen und nutzen, kann Google Ihr Nutzungsverhalten auswerten und die so gewonnenen Informationen an uns weitergeben. Diese Informationen werden verwendet, um den wirtschaftlichen Nutzen unseres Internetauftritts zu maximieren und bedarfsgerecht zu gestalten.<br \/>Rechtsgrundlage: Artikel 6 Absatz (1) (f) DSGVO<br \/>Datenkategorien: ggf. Stammdaten, ggf. Kontaktdaten, ggf. Inhaltsdaten, Nutzungsdaten, Verbindungsdaten<br \/>Empf\u00e4nger der Daten: Google Ireland Ltd., Gordon House, Barrow Street, Dublin 4, Ireland<br \/>Beabsichtigte Drittland\u00fcbermittlung: Keine<br \/>Speichern wir personenbezogene Daten auf Ihrem Endger\u00e4t auf der Grundlage Ihrer Einwilligung oder lesen wir diese Daten? Nein<\/p>\n<p>\u00a0<\/p>\n\t<span class=\"borlabs-cookie-open-dialog-preferences \" data-borlabs-cookie-title=\"Cookie-Konfiguration \u00f6ffnen\" data-borlabs-cookie-type=\"link\" ><\/span>\n\n","protected":false},"excerpt":{"rendered":"<p>Diese Website verwendet Matomo, eine Open-Source-Webanalyseplattform. Mit einer Webanalyseplattform werden von einem Website-Inhaber Besucherdaten gemessen, gesammelt und analysiert um die Website zu optimieren. Wenn Sie sehen m\u00f6chten, wie Matomo aussieht, k\u00f6nnen Sie unter https:\/\/demo.matomo.cloud auf eine Demoversion zugreifen. Matomo wird [&hellip;]<\/p>\n","protected":false},"author":1,"featured_media":0,"parent":0,"menu_order":0,"comment_status":"closed","ping_status":"closed","template":"","meta":{"_acf_changed":false,"_uag_custom_page_level_css":"","site-sidebar-layout":"no-sidebar","site-content-layout":"page-builder","ast-site-content-layout":"full-width-container","site-content-style":"unboxed","site-sidebar-style":"unboxed","ast-global-header-display":"","ast-banner-title-visibility":"","ast-main-header-display":"","ast-hfb-above-header-display":"","ast-hfb-below-header-display":"","ast-hfb-mobile-header-display":"","site-post-title":"disabled","ast-breadcrumbs-content":"","ast-featured-img":"disabled","footer-sml-layout":"","theme-transparent-header-meta":"disabled","adv-header-id-meta":"","stick-header-meta":"default","header-above-stick-meta":"","header-main-stick-meta":"","header-below-stick-meta":"","astra-migrate-meta-layouts":"default","ast-page-background-enabled":"default","ast-page-background-meta":{"desktop":{"background-color":"","background-image":"","background-repeat":"repeat","background-position":"center center","background-size":"auto","background-attachment":"scroll","background-type":"","background-media":"","overlay-type":"","overlay-color":"","overlay-opacity":"","overlay-gradient":""},"tablet":{"background-color":"","background-image":"","background-repeat":"repeat","background-position":"center center","background-size":"auto","background-attachment":"scroll","background-type":"","background-media":"","overlay-type":"","overlay-color":"","overlay-opacity":"","overlay-gradient":""},"mobile":{"background-color":"","background-image":"","background-repeat":"repeat","background-position":"center center","background-size":"auto","background-attachment":"scroll","background-type":"","background-media":"","overlay-type":"","overlay-color":"","overlay-opacity":"","overlay-gradient":""}},"ast-content-background-meta":{"desktop":{"background-color":"var(--ast-global-color-5)","background-image":"","background-repeat":"repeat","background-position":"center center","background-size":"auto","background-attachment":"scroll","background-type":"","background-media":"","overlay-type":"","overlay-color":"","overlay-opacity":"","overlay-gradient":""},"tablet":{"background-color":"var(--ast-global-color-5)","background-image":"","background-repeat":"repeat","background-position":"center center","background-size":"auto","background-attachment":"scroll","background-type":"","background-media":"","overlay-type":"","overlay-color":"","overlay-opacity":"","overlay-gradient":""},"mobile":{"background-color":"var(--ast-global-color-5)","background-image":"","background-repeat":"repeat","background-position":"center center","background-size":"auto","background-attachment":"scroll","background-type":"","background-media":"","overlay-type":"","overlay-color":"","overlay-opacity":"","overlay-gradient":""}},"footnotes":""},"class_list":["post-6577","page","type-page","status-publish","hentry"],"acf":[],"uagb_featured_image_src":{"full":false,"thumbnail":false,"medium":false,"medium_large":false,"large":false,"1536x1536":false,"2048x2048":false,"woocommerce_thumbnail":false,"woocommerce_single":false,"woocommerce_gallery_thumbnail":false},"uagb_author_info":{"display_name":"webi","author_link":"https:\/\/acmit.at\/de\/author\/webi\/"},"uagb_comment_info":0,"uagb_excerpt":"Diese Website verwendet Matomo, eine Open-Source-Webanalyseplattform. Mit einer Webanalyseplattform werden von einem Website-Inhaber Besucherdaten gemessen, gesammelt und analysiert um die Website zu optimieren. Wenn Sie sehen m\u00f6chten, wie Matomo aussieht, k\u00f6nnen Sie unter https:\/\/demo.matomo.cloud auf eine Demoversion zugreifen. Matomo wird [&hellip;]","_links":{"self":[{"href":"https:\/\/acmit.at\/de\/wp-json\/wp\/v2\/pages\/6577","targetHints":{"allow":["GET"]}}],"collection":[{"href":"https:\/\/acmit.at\/de\/wp-json\/wp\/v2\/pages"}],"about":[{"href":"https:\/\/acmit.at\/de\/wp-json\/wp\/v2\/types\/page"}],"author":[{"embeddable":true,"href":"https:\/\/acmit.at\/de\/wp-json\/wp\/v2\/users\/1"}],"replies":[{"embeddable":true,"href":"https:\/\/acmit.at\/de\/wp-json\/wp\/v2\/comments?post=6577"}],"version-history":[{"count":2,"href":"https:\/\/acmit.at\/de\/wp-json\/wp\/v2\/pages\/6577\/revisions"}],"predecessor-version":[{"id":8823,"href":"https:\/\/acmit.at\/de\/wp-json\/wp\/v2\/pages\/6577\/revisions\/8823"}],"wp:attachment":[{"href":"https:\/\/acmit.at\/de\/wp-json\/wp\/v2\/media?parent=6577"}],"curies":[{"name":"wp","href":"https:\/\/api.w.org\/{rel}","templated":true}]}}