{"id":6576,"date":"2021-07-01T14:15:41","date_gmt":"2021-07-01T12:15:41","guid":{"rendered":"https:\/\/acmit.at\/revocation\/"},"modified":"2021-07-16T11:47:02","modified_gmt":"2021-07-16T09:47:02","slug":"revocation","status":"publish","type":"page","link":"https:\/\/acmit.at\/de\/revocation\/","title":{"rendered":"Widerrufsbelehrung"},"content":{"rendered":"\n\n\t\t\t\t\n<p><strong>1.1.<\/strong> Der Verbraucher im Sinne des KSchG (\u201eB2C-Bereich&#8220;), kann von einem au\u00dferhalb der Gesch\u00e4ftsr\u00e4ume des Unternehmers geschlossenen Vertrag oder von einem Fernabsatzvertrag &#8211; so keine gesetzliche Ausnahmeregelung greift &#8211; innerhalb von vierzehn Tagen zur\u00fccktreten.<\/p>\n<p><strong>1.2.<\/strong> Die Frist beginnt bei Vertr\u00e4gen \u00fcber die Lieferung von Waren mit dem Tag, an dem der Verbraucher oder ein von ihm benannter Dritter, der nicht der Bef\u00f6rderer ist, die Waren in Besitz genommen hat. Im Falle eines Vertrages \u00fcber mehrere Waren, die in einer einheitlichen Bestellung bestellt und getrennt geliefert werden, ab dem Tag, an dem der Verbraucher oder ein von ihm benannter Dritter, der nicht der Bef\u00f6rderer ist, die letzte Ware in Besitz genommen hat. Es gen\u00fcgt, wenn der Verbraucher die R\u00fccktrittserkl\u00e4rung innerhalb der Frist abgesendet hat.<\/p>\n<p><strong>1.3.<\/strong> Die R\u00fccktrittserkl\u00e4rung kann mittels Muster-Widerrufsformular, abrufbar unter <a href=\"https:\/\/acmit.at\/wp-content\/uploads\/2021\/07\/Widerrufsformular-dt-engl.doc\" target=\"_blank\" rel=\"noopener\">Vorlage<\/a>, elektronisch an folgende Adresse erfolgen: <a href=\"mailto:office@acmit-manufacturing.at\" target=\"_blank\" rel=\"noopener\">office@acmit-manufacturing.at<\/a>. Dar\u00fcber hinaus kann der Verbraucher den Widerruf des Vertrages mittels einer eindeutigen Erkl\u00e4rung \u00fcber den Widerruf auch an ACMIT Manufacturing GmbH, Viktor Kaplan-Stra\u00dfe 2, A-2700 Wiener Neustadt, richten.<\/p>\n<p><strong>1.4.<\/strong> Das R\u00fccktrittsrecht besteht nicht bei Waren, die nach Kundenspezifikationen angefertigt werden, die eindeutig auf die pers\u00f6nlichen Bed\u00fcrfnisse zugeschnitten sind, die aufgrund ihrer Beschaffenheit nicht f\u00fcr eine R\u00fccksendung geeignet sind, die schnell verderben k\u00f6nnen oder deren Verfallsdatum \u00fcberschritten wurde. Das R\u00fccktrittsrecht besteht weiters nicht bei der Lieferung von nicht auf einem k\u00f6rperlichen Datentr\u00e4ger gespeicherten digitalen Inhalten.<\/p>\n<p><strong>1.5.<\/strong> Tritt der Verbraucher vom Vertrag zur\u00fcck, so hat l\u00e4ngstens binnen 14 Tagen ab dem Einlagen der Widerrufserkl\u00e4rung ACMIT die vom Verbraucher geleisteten Zahlungen einschlie\u00dflich der Lieferkosten zu erstatten und den vom Verbraucher auf die Sache gemachten notwendigen und n\u00fctzlichen Aufwand zu ersetzen. F\u00fcr die R\u00fcckzahlung wird das selbe Zahlungsmittel, das der Verbraucher bei der urspr\u00fcnglichen Transaktion eingesetzt hat, verwendet. Die Verwendung eines anderen Zahlungsmittel ist aber zul\u00e4ssig, wenn dies mit dem Verbraucher vereinbart wurde und ihm dadurch keine Kosten entstehen. ACMIT kann die R\u00fcckzahlung verweigern, bis die Ware bei ACMIT eingelangt ist oder der Verbraucher einen Nachweis \u00fcber die R\u00fccksendung der Ware erbracht hat.<\/p>\n<p><strong>1.6.<\/strong> Der Verbraucher hat die empfangene Ware l\u00e4ngstens binnen 14 Tagen ab der Abgabe der R\u00fccktrittserkl\u00e4rung an ACMIT zur\u00fcckzustellen. Die R\u00fcckstellungsfrist ist gewahrt, wenn die Ware innerhalb der Frist abgesendet wird. Der Verbraucher hat ACMIT ein angemessenes Entgelt f\u00fcr die Ben\u00fctzung, einschlie\u00dflich einer Entsch\u00e4digung f\u00fcr eine damit verbundene Minderung des gemeinen Wertes der Ware, zu zahlen. Dies gilt nicht f\u00fcr Pr\u00fcfung der Beschaffenheit und Funktionsweise der Ware.<\/p>\n<p><strong>1.7.<\/strong> Der Verbraucher hat die unmittelbaren Kosten der R\u00fccksendung selbst zu tragen.<\/p>\n\n<p><strong>2.1.<\/strong> Bei Annahmeverzug oder anderen wichtigen Gr\u00fcnden, wie bei Zahlungsverzug des Kunden, ist ACMIT zum R\u00fccktritt vom Vertrag berechtigt, sofern er von beiden Seiten noch nicht zur G\u00e4nze erf\u00fcllt ist. F\u00fcr den Fall des R\u00fccktrittes hat ACMIT bei Verschulden des Kunden die Wahl, einen pauschalierten Schadenersatz von 15 % des\u00a0 Bruttorechnungsbetrages oder den Ersatz des tats\u00e4chlich entstandenen Schadens zu begehren. Bei Zahlungsverzug des Kunden ist ACMIT von allen weiteren Leistungs- und Lieferungsverpflichtungen entbunden und berechtigt, noch ausstehende Lieferungen oder Leistungen zur\u00fcckzuhalten und Vorauszahlungen bzw Sicherstellungen zu fordern oder nach Setzung einer angemessenen Nachfrist vom Vertrag zur\u00fcckzutreten.<\/p>\n<p><strong>2.2. <\/strong>Tritt der Kunde &#8211; ohne dazu berechtigt zu sein &#8211; vorn Vertrag zur\u00fcck oder begehrt er seine Aufhebung, so hat ACMIT die Wahl, auf die Erf\u00fcllung des Vertrages zu bestehen oder der Aufhebung des Vertrages zuzustimmen; im letzteren Fall ist der Kunde verpflichtet, nach Wahl von ACMIT einen pauschalierten Schadenersatz in H\u00f6he von 15 % des Bruttorechnungsbetrages oder den tats\u00e4chlich entstandenen Schaden zu bezahlen.<\/p>\n\n","protected":false},"excerpt":{"rendered":"<p>1.1. Der Verbraucher im Sinne des KSchG (\u201eB2C-Bereich&#8220;), kann von einem au\u00dferhalb der Gesch\u00e4ftsr\u00e4ume des Unternehmers geschlossenen Vertrag oder von einem Fernabsatzvertrag &#8211; so keine gesetzliche Ausnahmeregelung greift &#8211; innerhalb von vierzehn Tagen zur\u00fccktreten. 1.2. Die Frist beginnt bei Vertr\u00e4gen [&hellip;]<\/p>\n","protected":false},"author":3,"featured_media":0,"parent":0,"menu_order":0,"comment_status":"closed","ping_status":"closed","template":"","meta":{"_acf_changed":false,"_uag_custom_page_level_css":"","site-sidebar-layout":"no-sidebar","site-content-layout":"page-builder","ast-site-content-layout":"default","site-content-style":"default","site-sidebar-style":"default","ast-global-header-display":"","ast-banner-title-visibility":"","ast-main-header-display":"","ast-hfb-above-header-display":"","ast-hfb-below-header-display":"","ast-hfb-mobile-header-display":"","site-post-title":"disabled","ast-breadcrumbs-content":"","ast-featured-img":"disabled","footer-sml-layout":"","theme-transparent-header-meta":"disabled","adv-header-id-meta":"","stick-header-meta":"default","header-above-stick-meta":"","header-main-stick-meta":"","header-below-stick-meta":"","astra-migrate-meta-layouts":"default","ast-page-background-enabled":"default","ast-page-background-meta":{"desktop":{"background-color":"","background-image":"","background-repeat":"repeat","background-position":"center center","background-size":"auto","background-attachment":"scroll","background-type":"","background-media":"","overlay-type":"","overlay-color":"","overlay-opacity":"","overlay-gradient":""},"tablet":{"background-color":"","background-image":"","background-repeat":"repeat","background-position":"center center","background-size":"auto","background-attachment":"scroll","background-type":"","background-media":"","overlay-type":"","overlay-color":"","overlay-opacity":"","overlay-gradient":""},"mobile":{"background-color":"","background-image":"","background-repeat":"repeat","background-position":"center center","background-size":"auto","background-attachment":"scroll","background-type":"","background-media":"","overlay-type":"","overlay-color":"","overlay-opacity":"","overlay-gradient":""}},"ast-content-background-meta":{"desktop":{"background-color":"var(--ast-global-color-5)","background-image":"","background-repeat":"repeat","background-position":"center center","background-size":"auto","background-attachment":"scroll","background-type":"","background-media":"","overlay-type":"","overlay-color":"","overlay-opacity":"","overlay-gradient":""},"tablet":{"background-color":"var(--ast-global-color-5)","background-image":"","background-repeat":"repeat","background-position":"center center","background-size":"auto","background-attachment":"scroll","background-type":"","background-media":"","overlay-type":"","overlay-color":"","overlay-opacity":"","overlay-gradient":""},"mobile":{"background-color":"var(--ast-global-color-5)","background-image":"","background-repeat":"repeat","background-position":"center center","background-size":"auto","background-attachment":"scroll","background-type":"","background-media":"","overlay-type":"","overlay-color":"","overlay-opacity":"","overlay-gradient":""}},"footnotes":""},"class_list":["post-6576","page","type-page","status-publish","hentry"],"acf":[],"uagb_featured_image_src":{"full":false,"thumbnail":false,"medium":false,"medium_large":false,"large":false,"1536x1536":false,"2048x2048":false,"woocommerce_thumbnail":false,"woocommerce_single":false,"woocommerce_gallery_thumbnail":false},"uagb_author_info":{"display_name":"Noemi Kozma","author_link":"https:\/\/acmit.at\/de\/author\/kon\/"},"uagb_comment_info":0,"uagb_excerpt":"1.1. Der Verbraucher im Sinne des KSchG (\u201eB2C-Bereich&#8220;), kann von einem au\u00dferhalb der Gesch\u00e4ftsr\u00e4ume des Unternehmers geschlossenen Vertrag oder von einem Fernabsatzvertrag &#8211; so keine gesetzliche Ausnahmeregelung greift &#8211; innerhalb von vierzehn Tagen zur\u00fccktreten. 1.2. Die Frist beginnt bei Vertr\u00e4gen [&hellip;]","_links":{"self":[{"href":"https:\/\/acmit.at\/de\/wp-json\/wp\/v2\/pages\/6576","targetHints":{"allow":["GET"]}}],"collection":[{"href":"https:\/\/acmit.at\/de\/wp-json\/wp\/v2\/pages"}],"about":[{"href":"https:\/\/acmit.at\/de\/wp-json\/wp\/v2\/types\/page"}],"author":[{"embeddable":true,"href":"https:\/\/acmit.at\/de\/wp-json\/wp\/v2\/users\/3"}],"replies":[{"embeddable":true,"href":"https:\/\/acmit.at\/de\/wp-json\/wp\/v2\/comments?post=6576"}],"version-history":[{"count":0,"href":"https:\/\/acmit.at\/de\/wp-json\/wp\/v2\/pages\/6576\/revisions"}],"wp:attachment":[{"href":"https:\/\/acmit.at\/de\/wp-json\/wp\/v2\/media?parent=6576"}],"curies":[{"name":"wp","href":"https:\/\/api.w.org\/{rel}","templated":true}]}}