{"id":6497,"date":"2021-06-21T14:42:37","date_gmt":"2021-06-21T12:42:37","guid":{"rendered":"https:\/\/acmit.at\/home\/"},"modified":"2025-05-02T20:22:58","modified_gmt":"2025-05-02T18:22:58","slug":"startseite","status":"publish","type":"page","link":"https:\/\/acmit.at\/de\/","title":{"rendered":"Startseite"},"content":{"rendered":"\n\n\t\t\t<h1>Von der Idee zum Medizinprodukt<\/h1>\n\t<p>ACMIT, das \u201eAustrian Center for Medical Innovation and Technology&#8220;, ist ein anerkannter Experte f\u00fcr Medizintechnik und bietet Auftragsentwicklung von der Idee bis zum Medizinprodukt auf dem schnellsten Weg.<\/p>\n\t\t\t<h3>Unsere Leistungen:<\/h3>\n\t<ul>\n\t\t<li>\t\t\t\t\n\t\t<a href=\"https:\/\/acmit.at\/de\/forschung\/\" target=\"_self\" aria-label=\"Go to https:\/\/acmit.at\/de\/forschung\/\" rel=\"noopener\">Medizintechnische Forschung<\/a><\/li><li>\t\t\t\t\n\t\t<a href=\"https:\/\/acmit.at\/de\/dienstleistungen\/#ProductDevelopment\" target=\"_self\" aria-label=\"Go to https:\/\/acmit.at\/de\/dienstleistungen\/#ProductDevelopment\" rel=\"noopener\">Auftragsentwicklung von Medizinprodukten<\/a><\/li><li>\t\t\t\t\n\t\t<a href=\"https:\/\/acmit.at\/de\/dienstleistungen\/#ContractManufacturing\" target=\"_self\" aria-label=\"Go to https:\/\/acmit.at\/de\/dienstleistungen\/#ContractManufacturing\" rel=\"noopener\">Auftragsfertigung von Medizinprodukten<\/a><\/li><li>\t\t\t\t\n\t\t<a href=\"https:\/\/acmit.at\/de\/dienstleistungen\/#VentureBuilding\" target=\"_self\" aria-label=\"Go to https:\/\/acmit.at\/de\/dienstleistungen\/#VentureBuilding\" rel=\"noopener\">Venture Building im Bereich Medizintechnik<\/a><\/li><li>\t\t\t\t\n\t\t<a href=\"https:\/\/acmit.at\/de\/dienstleistungen\/#IolDevelopment\" target=\"_self\" aria-label=\"Go to https:\/\/acmit.at\/de\/dienstleistungen\/#IolDevelopment\" rel=\"noopener\">Auftragsentwicklung von Intraokularlinsen<\/a><\/li><li>\t\t\t\t\n\t\t<a href=\"https:\/\/acmit.at\/de\/dienstleistungen\/#Usability\" target=\"_self\" aria-label=\"Go to https:\/\/acmit.at\/de\/dienstleistungen\/#Usability\" rel=\"noopener\">Gebrauchstauglichkeit-Engineering und Bewertung<\/a><\/li>\t<\/ul>\n\t\t\t<h3>Zertifizierter Partner<\/h3>\n\t\t\t\t<p>ACMIT ist ein EN ISO 13485 zertifizierter Partner im Bereich der Medizintechnik. Die Herstellung von Prototypen und die Auftragsfertigung von Medizinprodukten erg\u00e4nzen unsere F&amp;E-Leistungen.<\/p>\n\t\t\t\t<a href=\"https:\/\/acmit.at\/wp-content\/uploads\/2025\/02\/ACMIT-EN-ISO13485-Zertifikat_2028_DE.pdf\" target=\"_blank\" rel=\"noopener nofollow\" itemprop=\"url\">\n\t\t\t\t<img decoding=\"async\" src=\"https:\/\/acmit.at\/wp-content\/uploads\/2022\/03\/mdc_Plakette_ISO13485_d.png\" alt=\"mdc_Plakette_ISO13485_d\" itemprop=\"image\" height=\"254\" width=\"272\" title=\"mdc_Plakette_ISO13485_d\" onerror=\"this.style.display='none'\"  \/>\n\t\t\t\t<\/a>\n\t\t\t<h3>Mechatronische Systeme<\/h3>\t\t\t\n\t\t\t\t<p>ACMIT entwickelt mechatronische Systeme mit dem Ziel, medizinische Behandlungen weniger invasiv, risiko\u00e4rmer und effizienter zu machen. Unsere anwendungsorientierte und translationale Forschung bietet einen klaren Vorteil f\u00fcr Patienten, \u00c4rzte und Medizinprodukthersteller.<\/p>\n\t\t\t<h3>Chirurgische Eingriffe<\/h3>\t\t\t\n\t\t\t\t<p>ACMIT konzentriert sich auf minimal-invasive chirurgische Verfahren und bildgef\u00fchrte Eingriffe. Die Entwicklung von Gewebesensoren und optischen Komponenten erg\u00e4nzt unser Angebot.<\/p>\n\t\t\t<h3>Integration von Technologien<\/h3>\t\t\t\n\t\t\t\t<p>ACMIT fokussiert sich auf eine reibungslose Integration neuartiger Technologien in den klinischen Arbeitsablauf. Dies erreichen wir durch entsprechendes Schnittstellendesign, Gebrauchstauglichkeits-Analysen und Entwicklung kompletter Trainingssysteme (z.B. anwendungsorientierte anatomische Modelle).<\/p>\n\t\t\t<h3>Unsere Partner<\/h3>\t\t\t\n\t\t\t\t<p>ACMIT arbeitet mit mehr als 60 Unternehmen und wissenschaftlichen Partnern zusammen. Zu diesen z\u00e4hlen international marktf\u00fchrende Medizinproduktehersteller (Start-ups ebenso wie etablierte Unternehmen) und medizinische bzw. technische Top-Universit\u00e4ten aus dem In- und Ausland.<\/p>\n\t\t\t<h3>Innovationspartner<\/h3>\t\t\t\n\t\t\t\t<p>ACMIT ist Ihr Partner w\u00e4hrend des gesamten Innovationsprozesses und bietet Expertise, Beratung und Unterst\u00fctzung in jedem einzelnen Schritt.<\/p>\n\t\t\t<h3>Staatliche F\u00f6rderung<\/h3>\n\t\t\t\t<p>Im Rahmen des <a href=\"https:\/\/www.ffg.at\/comet\/programm\" target=\"_blank\" rel=\"noopener\"><u>COMET<\/u><\/a>-Programms der \u00f6sterreichischen Bundesregierung wird ACMIT <a href=\"https:\/\/acmit.at\/de\/ueber-uns\/#FundingBodies\" target=\"_blank\" rel=\"noopener\"><u>\u00f6ffentlich gef\u00f6rdert<\/u><\/a> und bietet dadurch Medizintechnikunternehmen attraktive Rahmenbedingungen.<\/p>\n\t\t\t<h3>News<\/h3>\n\t\t\t\t\t\t\t\t\t\t\t\t\t\t<a href=\"https:\/\/acmit.at\/de\/acmit-at-the-connect-day-2025-2\/\" target=\"_self\" title=\"ACMIT at the Connect Day 2025\" rel=\"noopener\">\n\t\t\t\t<img decoding=\"async\" src=\"https:\/\/acmit.at\/wp-content\/uploads\/2025\/02\/CD25_1080x1080_MedT_Logos-700x700.jpg\" alt=\"\" \/>\n\t\t\t\t<\/a>\n\t\t\t\t\t\t<h3>\n\t\t\t\t<a href=https:\/\/acmit.at\/de\/acmit-at-the-connect-day-2025-2\/ title=\"ACMIT at the Connect Day 2025\" tabindex=\"0\">ACMIT at the Connect Day 2025<\/a>\t\t\t<\/h3>\n\t\t\t\t\t\t\t<h6>\n\t\t\tApr 30, 2025\t\t\t\n\t\t\t\t\t\t\t<\/h6>\n\t\t\t\t\t\t\t\t\tConnect Day 2025 supports companies\/SMEs seeking to innovate and collaborate with start-ups, as well as &#8230;\n\t\t\t\t\t<a href=\"https:\/\/acmit.at\/de\/acmit-at-the-connect-day-2025-2\/\" target=\"_self\" rel=\"noopener\">Weiterlesen &#8594;<\/a>\t\t\n\t\t\t\t\t\t\t\t\t\t\t\t\t\t<a href=\"https:\/\/acmit.at\/de\/acmit-at-the-european-congress-of-radiology-ecr-2025\/\" target=\"_self\" title=\"ACMIT at the European Congress of Radiology (ECR) 2025\" rel=\"noopener\">\n\t\t\t\t<img decoding=\"async\" src=\"https:\/\/acmit.at\/wp-content\/uploads\/2025\/04\/ecr-2025-700x431.jpg\" alt=\"\" \/>\n\t\t\t\t<\/a>\n\t\t\t\t\t\t<h3>\n\t\t\t\t<a href=https:\/\/acmit.at\/de\/acmit-at-the-european-congress-of-radiology-ecr-2025\/ title=\"ACMIT at the European Congress of Radiology (ECR) 2025\" tabindex=\"0\">ACMIT at the European Congress of Radiology (ECR) 2025<\/a>\t\t\t<\/h3>\n\t\t\t\t\t\t\t<h6>\n\t\t\tApr 23, 2025\t\t\t\n\t\t\t\t\t\t\t<\/h6>\n\t\t\t\t\t\t\t\t\tEurope&#8217;s largest congress for radiology and imaging, the ECR, took place from February 26 to &#8230;\n\t\t\t\t\t<a href=\"https:\/\/acmit.at\/de\/acmit-at-the-european-congress-of-radiology-ecr-2025\/\" target=\"_self\" rel=\"noopener\">Weiterlesen &#8594;<\/a>\t\t\n\t\t\t\t\t\t\t\t\t\t\t\t\t\t<a href=\"https:\/\/acmit.at\/de\/new-publication-from-acmit-and-its-partners-in-the-frontiers-in-medicine\/\" target=\"_self\" title=\"New publication from ACMIT and its partners in the Frontiers in Medicine\" rel=\"noopener\">\n\t\t\t\t<img decoding=\"async\" src=\"https:\/\/acmit.at\/wp-content\/uploads\/2023\/03\/Bild-Newsbeitrag-700x390.jpg\" alt=\"\" \/>\n\t\t\t\t<\/a>\n\t\t\t\t\t\t<h3>\n\t\t\t\t<a href=https:\/\/acmit.at\/de\/new-publication-from-acmit-and-its-partners-in-the-frontiers-in-medicine\/ title=\"New publication from ACMIT and its partners in the Frontiers in Medicine\" tabindex=\"0\">New publication from ACMIT and its partners in the Frontiers in Medicine<\/a>\t\t\t<\/h3>\n\t\t\t\t\t\t\t<h6>\n\t\t\tApr 23, 2025\t\t\t\n\t\t\t\t\t\t\t<\/h6>\n\t\t\t\t\t\t\t\t\tNew publication entitled: &#8222;Advanced hybrid deep learning model for enhanced evaluation of osteosarcoma histopathology images&#8220; &#8230;\n\t\t\t\t\t<a href=\"https:\/\/acmit.at\/de\/new-publication-from-acmit-and-its-partners-in-the-frontiers-in-medicine\/\" target=\"_self\" rel=\"noopener\">Weiterlesen &#8594;<\/a>\t\t\n\t\t\t\t\t\t\t\t\t\t\t\t\t\t<a href=\"https:\/\/acmit.at\/de\/acmit-at-the-austrian-startups-summit-2025\/\" target=\"_self\" title=\"ACMIT at the Austrian Startups Summit 2025\" rel=\"noopener\">\n\t\t\t\t<img decoding=\"async\" src=\"https:\/\/acmit.at\/wp-content\/uploads\/2025\/03\/image_processing20241105-1-luzvz9-700x362.webp\" alt=\"\" \/>\n\t\t\t\t<\/a>\n\t\t\t\t\t\t<h3>\n\t\t\t\t<a href=https:\/\/acmit.at\/de\/acmit-at-the-austrian-startups-summit-2025\/ title=\"ACMIT at the Austrian Startups Summit 2025\" tabindex=\"0\">ACMIT at the Austrian Startups Summit 2025<\/a>\t\t\t<\/h3>\n\t\t\t\t\t\t\t<h6>\n\t\t\tMrz 24, 2025\t\t\t\n\t\t\t\t\t\t\t<\/h6>\n\t\t\t\t\t\t\t\t\tThe Austrian Startups Summit is an annual event in Austria that brings together entrepreneurs, investors, &#8230;\n\t\t\t\t\t<a href=\"https:\/\/acmit.at\/de\/acmit-at-the-austrian-startups-summit-2025\/\" target=\"_self\" rel=\"noopener\">Weiterlesen &#8594;<\/a>\t\t\n\t\t\t\t\t\t\t\t\t\t\t\t\t\t<a href=\"https:\/\/acmit.at\/de\/acmit-at-health-tech-hub-styria-2025\/\" target=\"_self\" title=\"ACMIT at Health Tech Hub Styria 2025\" rel=\"noopener\">\n\t\t\t\t<img decoding=\"async\" src=\"https:\/\/acmit.at\/wp-content\/uploads\/2025\/03\/Bild1-1-700x243.png\" alt=\"\" \/>\n\t\t\t\t<\/a>\n\t\t\t\t\t\t<h3>\n\t\t\t\t<a href=https:\/\/acmit.at\/de\/acmit-at-health-tech-hub-styria-2025\/ title=\"ACMIT at Health Tech Hub Styria 2025\" tabindex=\"0\">ACMIT at Health Tech Hub Styria 2025<\/a>\t\t\t<\/h3>\n\t\t\t\t\t\t\t<h6>\n\t\t\tMrz 24, 2025\t\t\t\n\t\t\t\t\t\t\t<\/h6>\n\t\t\t\t\t\t\t\t\tThe 7th edition of the Health Tech Hub Styria will take place on March 25 &#8230;\n\t\t\t\t\t<a href=\"https:\/\/acmit.at\/de\/acmit-at-health-tech-hub-styria-2025\/\" target=\"_self\" rel=\"noopener\">Weiterlesen &#8594;<\/a>\t\t\n\t\t\t\t\t\t\t\t\t\t\t\t\t\t<a href=\"https:\/\/acmit.at\/de\/acmit-at-skinnovation-2025\/\" target=\"_self\" title=\"ACMIT at SKINNOVATION 2025\" rel=\"noopener\">\n\t\t\t\t<img decoding=\"async\" src=\"https:\/\/acmit.at\/wp-content\/uploads\/2025\/03\/screenshot_2024_11_26_at_00_46_39_skiinnovation_ba1f8b9df8-700x295.jpg\" alt=\"\" \/>\n\t\t\t\t<\/a>\n\t\t\t\t\t\t<h3>\n\t\t\t\t<a href=https:\/\/acmit.at\/de\/acmit-at-skinnovation-2025\/ title=\"ACMIT at SKINNOVATION 2025\" tabindex=\"0\">ACMIT at SKINNOVATION 2025<\/a>\t\t\t<\/h3>\n\t\t\t\t\t\t\t<h6>\n\t\t\tMrz 19, 2025\t\t\t\n\t\t\t\t\t\t\t<\/h6>\n\t\t\t\t\t\t\t\t\tSKINNOVATION 2025, the first innovation and start-up festival on skis will take place from 26 &#8230;\n\t\t\t\t\t<a href=\"https:\/\/acmit.at\/de\/acmit-at-skinnovation-2025\/\" target=\"_self\" rel=\"noopener\">Weiterlesen &#8594;<\/a>\t\t\n\t\t\t\t\t\t\t\t\t\t\t\t\t\t<a href=\"https:\/\/acmit.at\/de\/acmit-at-cras-2025\/\" target=\"_self\" title=\"ACMIT at CRAS 2025\" rel=\"noopener\">\n\t\t\t\t<img decoding=\"async\" src=\"https:\/\/acmit.at\/wp-content\/uploads\/2025\/03\/Bild1-700x259.png\" alt=\"\" \/>\n\t\t\t\t<\/a>\n\t\t\t\t\t\t<h3>\n\t\t\t\t<a href=https:\/\/acmit.at\/de\/acmit-at-cras-2025\/ title=\"ACMIT at CRAS 2025\" tabindex=\"0\">ACMIT at CRAS 2025<\/a>\t\t\t<\/h3>\n\t\t\t\t\t\t\t<h6>\n\t\t\tMrz 17, 2025\t\t\t\n\t\t\t\t\t\t\t<\/h6>\n\t\t\t\t\t\t\t\t\tThe 14th edition of Conference on New Technologies for Computer\/Robot Assisted Surgery (CRAS 2025) will &#8230;\n\t\t\t\t\t<a href=\"https:\/\/acmit.at\/de\/acmit-at-cras-2025\/\" target=\"_self\" rel=\"noopener\">Weiterlesen &#8594;<\/a>\t\t\n\t\t\t\t\t\t\t\t\t\t\t\t\t\t<a href=\"https:\/\/acmit.at\/de\/acmit-at-the-ismit-2025\/\" target=\"_self\" title=\"ACMIT at the iSMIT 2025\" rel=\"noopener\">\n\t\t\t\t<img decoding=\"async\" src=\"https:\/\/acmit.at\/wp-content\/uploads\/2025\/03\/Bild-Web_2-700x226.jpg\" alt=\"\" \/>\n\t\t\t\t<\/a>\n\t\t\t\t\t\t<h3>\n\t\t\t\t<a href=https:\/\/acmit.at\/de\/acmit-at-the-ismit-2025\/ title=\"ACMIT at the iSMIT 2025\" tabindex=\"0\">ACMIT at the iSMIT 2025<\/a>\t\t\t<\/h3>\n\t\t\t\t\t\t\t<h6>\n\t\t\tMrz 17, 2025\t\t\t\n\t\t\t\t\t\t\t<\/h6>\n\t\t\t\t\t\t\t\t\tThe 36th Annual International Society for Medical Innovation and Technology Conference (iSMIT 2025) is a &#8230;\n\t\t\t\t\t<a href=\"https:\/\/acmit.at\/de\/acmit-at-the-ismit-2025\/\" target=\"_self\" rel=\"noopener\">Weiterlesen &#8594;<\/a>\t\t\n\t\t\t\t\t\t\t\t\t\t\t\t\t\t<a href=\"https:\/\/acmit.at\/de\/exciting-partnership-between-acmit-ventures-gateway-ventures\/\" target=\"_self\" title=\"Exciting partnership between ACMIT Ventures &#038; Gateway Ventures\" rel=\"noopener\">\n\t\t\t\t<img decoding=\"async\" src=\"https:\/\/acmit.at\/wp-content\/uploads\/2025\/03\/Bild-Web-2-1-700x394.jpg\" alt=\"\" \/>\n\t\t\t\t<\/a>\n\t\t\t\t\t\t<h3>\n\t\t\t\t<a href=https:\/\/acmit.at\/de\/exciting-partnership-between-acmit-ventures-gateway-ventures\/ title=\"Exciting partnership between ACMIT Ventures &#038; Gateway Ventures\" tabindex=\"0\">Exciting partnership between ACMIT Ventures &#038; Gateway Ventures<\/a>\t\t\t<\/h3>\n\t\t\t\t\t\t\t<h6>\n\t\t\tMrz 14, 2025\t\t\t\n\t\t\t\t\t\t\t<\/h6>\n\t\t\t\t\t\t\t\t\tWe are thrilled to announce a pioneering collaboration between ACMIT Ventures and Gateway Ventures to &#8230;\n\t\t\t\t\t<a href=\"https:\/\/acmit.at\/de\/exciting-partnership-between-acmit-ventures-gateway-ventures\/\" target=\"_self\" rel=\"noopener\">Weiterlesen &#8594;<\/a>\t\t\n\n","protected":false},"excerpt":{"rendered":"<p>Von der Idee zum Medizinprodukt ACMIT, das \u201eAustrian Center for Medical Innovation and Technology&#8220;, ist ein anerkannter Experte f\u00fcr Medizintechnik und bietet Auftragsentwicklung von der Idee bis zum Medizinprodukt auf dem schnellsten Weg. Unsere Leistungen: Medizintechnische Forschung Auftragsentwicklung von Medizinprodukten [&hellip;]<\/p>\n","protected":false},"author":1,"featured_media":0,"parent":0,"menu_order":0,"comment_status":"closed","ping_status":"closed","template":"","meta":{"_acf_changed":false,"_uag_custom_page_level_css":"","site-sidebar-layout":"no-sidebar","site-content-layout":"page-builder","ast-site-content-layout":"full-width-container","site-content-style":"unboxed","site-sidebar-style":"unboxed","ast-global-header-display":"","ast-banner-title-visibility":"","ast-main-header-display":"","ast-hfb-above-header-display":"","ast-hfb-below-header-display":"","ast-hfb-mobile-header-display":"","site-post-title":"disabled","ast-breadcrumbs-content":"","ast-featured-img":"disabled","footer-sml-layout":"","theme-transparent-header-meta":"default","adv-header-id-meta":"","stick-header-meta":"default","header-above-stick-meta":"","header-main-stick-meta":"","header-below-stick-meta":"","astra-migrate-meta-layouts":"default","ast-page-background-enabled":"default","ast-page-background-meta":{"desktop":{"background-color":"","background-image":"","background-repeat":"repeat","background-position":"center center","background-size":"auto","background-attachment":"scroll","background-type":"","background-media":"","overlay-type":"","overlay-color":"","overlay-opacity":"","overlay-gradient":""},"tablet":{"background-color":"","background-image":"","background-repeat":"repeat","background-position":"center center","background-size":"auto","background-attachment":"scroll","background-type":"","background-media":"","overlay-type":"","overlay-color":"","overlay-opacity":"","overlay-gradient":""},"mobile":{"background-color":"","background-image":"","background-repeat":"repeat","background-position":"center center","background-size":"auto","background-attachment":"scroll","background-type":"","background-media":"","overlay-type":"","overlay-color":"","overlay-opacity":"","overlay-gradient":""}},"ast-content-background-meta":{"desktop":{"background-color":"var(--ast-global-color-5)","background-image":"","background-repeat":"repeat","background-position":"center center","background-size":"auto","background-attachment":"scroll","background-type":"","background-media":"","overlay-type":"","overlay-color":"","overlay-opacity":"","overlay-gradient":""},"tablet":{"background-color":"var(--ast-global-color-5)","background-image":"","background-repeat":"repeat","background-position":"center center","background-size":"auto","background-attachment":"scroll","background-type":"","background-media":"","overlay-type":"","overlay-color":"","overlay-opacity":"","overlay-gradient":""},"mobile":{"background-color":"var(--ast-global-color-5)","background-image":"","background-repeat":"repeat","background-position":"center center","background-size":"auto","background-attachment":"scroll","background-type":"","background-media":"","overlay-type":"","overlay-color":"","overlay-opacity":"","overlay-gradient":""}},"footnotes":""},"class_list":["post-6497","page","type-page","status-publish","hentry"],"acf":[],"uagb_featured_image_src":{"full":false,"thumbnail":false,"medium":false,"medium_large":false,"large":false,"1536x1536":false,"2048x2048":false,"woocommerce_thumbnail":false,"woocommerce_single":false,"woocommerce_gallery_thumbnail":false},"uagb_author_info":{"display_name":"webi","author_link":"https:\/\/acmit.at\/de\/author\/webi\/"},"uagb_comment_info":0,"uagb_excerpt":"Von der Idee zum Medizinprodukt ACMIT, das \u201eAustrian Center for Medical Innovation and Technology&#8220;, ist ein anerkannter Experte f\u00fcr Medizintechnik und bietet Auftragsentwicklung von der Idee bis zum Medizinprodukt auf dem schnellsten Weg. Unsere Leistungen: Medizintechnische Forschung Auftragsentwicklung von Medizinprodukten [&hellip;]","_links":{"self":[{"href":"https:\/\/acmit.at\/de\/wp-json\/wp\/v2\/pages\/6497","targetHints":{"allow":["GET"]}}],"collection":[{"href":"https:\/\/acmit.at\/de\/wp-json\/wp\/v2\/pages"}],"about":[{"href":"https:\/\/acmit.at\/de\/wp-json\/wp\/v2\/types\/page"}],"author":[{"embeddable":true,"href":"https:\/\/acmit.at\/de\/wp-json\/wp\/v2\/users\/1"}],"replies":[{"embeddable":true,"href":"https:\/\/acmit.at\/de\/wp-json\/wp\/v2\/comments?post=6497"}],"version-history":[{"count":6,"href":"https:\/\/acmit.at\/de\/wp-json\/wp\/v2\/pages\/6497\/revisions"}],"predecessor-version":[{"id":8518,"href":"https:\/\/acmit.at\/de\/wp-json\/wp\/v2\/pages\/6497\/revisions\/8518"}],"wp:attachment":[{"href":"https:\/\/acmit.at\/de\/wp-json\/wp\/v2\/media?parent=6497"}],"curies":[{"name":"wp","href":"https:\/\/api.w.org\/{rel}","templated":true}]}}