{"id":6470,"date":"2021-06-15T09:25:33","date_gmt":"2021-06-15T07:25:33","guid":{"rendered":"https:\/\/acmit.at\/dienstleistungen\/"},"modified":"2025-11-12T08:37:05","modified_gmt":"2025-11-12T07:37:05","slug":"dienstleistungen","status":"publish","type":"page","link":"https:\/\/acmit.at\/de\/dienstleistungen\/","title":{"rendered":"Dienstleistungen"},"content":{"rendered":"\n\n\t\t\t<h3>Dienstleister<\/h3>\n\t\t\t\t<p>ACMIT bietet F&amp;E-Dienstleistungen entlang der gesamten Prozesskette bez\u00fcglich:<\/p>\n<ul>\n<li>klinischer Arbeitsablauf,<\/li>\n<li>medizinisch-chirurgischer Eingriff durch das klinische Personal,<\/li>\n<li>Entwicklungprozess.<\/li>\n<\/ul>\n<p>Hierbei verfolgen wir einen integrativen Ansatz.<\/p>\n<p>Unsere Forschungsaktivit\u00e4ten befassen sich mit dem gesamten Arbeitsablauf im Operationssaal &#8211; vor, w\u00e4hrend und nach einem minimalinvasiven Eingriff, wie z.B.:<\/p>\n<ul>\n<li>Werkzeuge zur (pr\u00e4operativen) bildgest\u00fctzten Planung eines Eingriffs,<\/li>\n<li>multifunktionale Werkzeuge,<\/li>\n<li>Robotersysteme zur pr\u00e4zisen Werkzeugpositionierung,<\/li>\n<li>optimierte Werkzeug-Gewebe-Wechselwirkung,<\/li>\n<li>Sensorsysteme zur intra- oder postoperativen \u00dcberwachung,<\/li>\n<li>intuitive Schnittstellen und Usability-Konzepte,<\/li>\n<li>Optimierung der Arbeitsabl\u00e4ufe und Schulung des Personals.<\/li>\n<\/ul>\n\t\t\t<h3>Technologie-Integration<\/h3>\n\t\t\t\t<p>Verbesserungen in der Medizintechnik k\u00f6nnen nur dann erfolgreich erreicht werden, wenn eine Vielzahl von Technologien beherrscht und in neuartige L\u00f6sungen integriert werden.<\/p>\n<p>ACMIT hat langj\u00e4hrige Erfahrung mit dem Transfer neuester Technologien in medizinische Anwendungen. Damit bringen wir minimalinvasive Eingriffe auf ein h\u00f6heres Niveau und erm\u00f6glichen deren Einsatz in einer Vielzahl medizinischer Anwendungen. Unsere Expertise umfasst folgende Technologien:<\/p>\n<ul>\n<li>Robotik,<\/li>\n<li>Mechatronik,<\/li>\n<li>Automatisierungstechnik,<\/li>\n<li>mechanische Konstruktion,<\/li>\n<li>angewandte Werkstofftechnik,<\/li>\n<li>Polymerchemie,<\/li>\n<li>Mikrooptik,<\/li>\n<li>Faseroptik,<\/li>\n<li>diffraktive Optik (z.B. multifokale Intraokularlinsen),<\/li>\n<li>Bildverarbeitung<\/li>\n<\/ul>\n<p>Unser breites Kompetenzspektrum erm\u00f6glicht uns, F&amp;E-Dienstleistungen entlang des gesamten Entwicklungspfads abzudecken. Unser interdisziplin\u00e4res Expertenteam steht Ihnen mit seinen Fachkenntnissen zur Verf\u00fcgung.<\/p>\n\t\t\t<h3>Ihr Ansprechpartner<\/h3>\n\t<meta itemscope itemprop=\"mainEntityOfPage\" itemtype=\"https:\/\/schema.org\/WebPage\" itemid=\"https:\/\/acmit.at\/de\/manager\/bernhard-nusbaumer\/\" content=\"Bernhard Nu\u00dfbaumer\" \/><meta itemprop=\"datePublished\" content=\"2020-04-20\" \/><meta itemprop=\"dateModified\" content=\"2025-01-07\" \/><meta itemprop=\"name\" content=\"ACMIT.at\"\/><meta itemprop=\"url\" content=\"https:\/\/acmit.at\/wp-content\/uploads\/2020\/04\/acmit_logo-500-trans.png\"\/><meta itemprop=\"url\" content=\"https:\/\/acmit.at\/de\/author\/webi\/\" \/><meta itemprop=\"name\" content=\"webi\" \/><meta itemprop=\"url\" content=\"https:\/\/acmit.at\/wp-content\/uploads\/2020\/04\/B-Nussbaumer-e1587333015375.jpg\" \/><meta itemprop=\"width\" content=\"900\" \/><meta itemprop=\"height\" content=\"900\" \/><meta itemprop=\"interactionType\" content=\"https:\/\/schema.org\/CommentAction\" \/><meta itemprop=\"userInteractionCount\" content=\"0\" \/>\n\t<img width=\"600\" height=\"600\" src=\"https:\/\/acmit.at\/wp-content\/uploads\/2020\/04\/B-Nussbaumer-e1587333015375-600x600.jpg\" alt=\"\" itemprop=\"image\" decoding=\"async\" srcset=\"https:\/\/acmit.at\/wp-content\/uploads\/2020\/04\/B-Nussbaumer-e1587333015375-600x600.jpg 600w, https:\/\/acmit.at\/wp-content\/uploads\/2020\/04\/B-Nussbaumer-e1587333015375-700x700.jpg 700w, https:\/\/acmit.at\/wp-content\/uploads\/2020\/04\/B-Nussbaumer-e1587333015375-768x768.jpg 768w, https:\/\/acmit.at\/wp-content\/uploads\/2020\/04\/B-Nussbaumer-e1587333015375-500x500.jpg 500w, https:\/\/acmit.at\/wp-content\/uploads\/2020\/04\/B-Nussbaumer-e1587333015375-300x300.jpg 300w, https:\/\/acmit.at\/wp-content\/uploads\/2020\/04\/B-Nussbaumer-e1587333015375.jpg 900w\" sizes=\"(max-width: 600px) 100vw, 600px\" \/>\n    <h3>\n        Bernhard Nu\u00dfbaumer\n    <\/h3>\n    <h6>Dipl.-Ing. MAS EMBA&nbsp;<\/h6>\n    <p><b>Chief Business Development Officer<\/b><\/p>\n         <a href=\"tel:+436643582028\">+43 664 3582028<br \/><\/a>\n         <a href=\"mailto:bernhard.nussbaumer@acmit.at\">bernhard.nussbaumer@acmit.at<\/a>\n\t\t\t<h2>Auftragsentwicklung<\/h2>\n\t\t\t<h3>Von der Idee zum Medizinprodukt<\/h3>\n\t\t\t\t<p>Von der ersten Idee bis zur klinischen Anwendung eines medizintechnischen Produkts sind viele Entwicklungsschritte zu durchlaufen und Hindernisse zu \u00fcberwinden. ACMIT ist Ihr EN ISO-13485 zertifizierter Partner f\u00fcr den gesamten Innovationsprozess und bietet Expertise, Beratung und Unterst\u00fctzung in jedem einzelnen Schritt.<\/p>\n<p>Unsere Leistungen:<\/p>\n<ul>\n<li>Technologieforschung,<\/li>\n<li>\u201eStand der Technik&#8220;-Analyse,<\/li>\n<li>Machbarkeitsstudien,<\/li>\n<li>Konzeption,<\/li>\n<li>Systemdesign,<\/li>\n<li>Prototypenentwicklung,<\/li>\n<li>Ber\u00fccksichtigung industrieller Kompatibilit\u00e4t,<\/li>\n<li>Systemintegration,<\/li>\n<li>Ber\u00fccksichtigung der Gebrauchstauglichkeit inkl. Bewertung (formativ und summativ),<\/li>\n<li>Validierung unter klinischen Bedingungen (z.B. klinische Studien),<\/li>\n<li>Kleinserienfertigung.<\/li>\n<\/ul>\n\t\t\t\t<a href=\"https:\/\/acmit.at\/wp-content\/uploads\/2023\/12\/Phasenubersicht-Medizinproduktentwicklung-V0.5-ENDEN.jpg\"  target=\"_self\" itemprop=\"url\">\n\t\t\t\t<img decoding=\"async\" src=\"https:\/\/acmit.at\/wp-content\/uploads\/2023\/12\/Phasenubersicht-Medizinproduktentwicklung-V0.5-ENDEN.jpg\" alt=\"Phasen\u00fcbersicht Medizinproduktentwicklung V0.5-EN(DEN)\" itemprop=\"image\" height=\"569\" width=\"2516\" title=\"Phasen\u00fcbersicht Medizinproduktentwicklung V0.5-EN(DEN)\" onerror=\"this.style.display='none'\" loading=\"lazy\" \/>\n\t\t\t\t<\/a>\n\t\t\t<h2>Venture Building<\/h2>\n\t\t\t<h3>Venture Building im Bereich Medizintechnik<\/h3>\n\t\t\t\t<ul>\n<li>Fr\u00fchphasen-Private-Equity mit dem ACMIT Ventures Investorennetzwerk: z.B. Business Angels (BAs), Venture Capitalists (VCs) und Family Offices. Bitte registrieren Sie sich <a href=\"https:\/\/acmit.gateway.ventures\/en\/register\">hier<\/a>, um Teil des ACMIT Ventures Investorennetzwerks zu werden.<\/li>\n<li>Zugang zu \u00f6ffentlichen F\u00f6rdermitteln: Verbindung mit europ\u00e4ischen und \u00f6sterreichischen F\u00f6rderstellen (z.B. AWS, FFG).<\/li>\n<li>Due Diligence: Fokus auf Gesch\u00e4ftsmodell, klinische und technische Machbarkeit sowie Projektplan (Zeit und Geld) bis zum Markteintritt.<\/li>\n<li>Entwicklung des Gesch\u00e4ftsmodels<\/li>\n<li>Co-Founder-Suche<\/li>\n<li>IP-Design und Strategie<\/li>\n<li>Regulatory Affairs<\/li>\n<li>Implementierung eines Qualit\u00e4tsmanagementsystems (EN ISO 13485)<\/li>\n<li>Klinisches Studienmanagement<\/li>\n<\/ul>\n\t\t\t\t<a href=\"https:\/\/acmit.gateway.ventures\/en\/register\"  target=\"_blank\" rel=\"noopener nofollow\"  itemprop=\"url\">\n\t\t\t\t<img decoding=\"async\" src=\"https:\/\/acmit.at\/wp-content\/uploads\/2025\/04\/acmit_ventures_Logo_ENTWURF-DEN.jpg\" alt=\"acmit_ventures_Logo_ENTWURF-DEN\" itemprop=\"image\" height=\"407\" width=\"790\" title=\"acmit_ventures_Logo_ENTWURF-DEN\" onerror=\"this.style.display='none'\" loading=\"lazy\" \/>\n\t\t\t\t<\/a>\n\t\t\t<h2>IOL ENTWICKLUNG<\/h2>\n\t\t\t<h3>IOL-Entwicklung mit visueller Ergebnisbeurteilung<\/h3>\n\t\t\t\t<p>Unser Optik-Team arbeitet seit 2009 im Bereich intraokularer Implantate, insbesondere in der Evaluierung und Entwicklung innovativer Intraokularlinsen (IOL).<\/p>\n\t\t\t\t<a href=\"https:\/\/acmit.at\/wp-content\/uploads\/2025\/02\/QAE_RayOne-Trifocal-Banner_kopie.jpg\"  target=\"_self\" itemprop=\"url\">\n\t\t\t\t<img decoding=\"async\" src=\"https:\/\/acmit.at\/wp-content\/uploads\/2025\/02\/QAE_RayOne-Trifocal-Banner_kopie.jpg\" alt=\"\u00a9 Rayner Intraocular Lenses Ltd.\" itemprop=\"image\" height=\"391\" width=\"723\" title=\"QAE_RayOne-Trifocal-Banner_kopie\" onerror=\"this.style.display='none'\" loading=\"lazy\" \/>\n\t\t\t\t<\/a>\n\t\t\u00a9 Rayner Intraocular Lenses Ltd.\n\t\t\t\t<p>Wir nutzen moderne Field-Tracing-Software zur pr\u00e4zisen Berechnung der elektromagnetischen Felder, wodurch selbst komplexe optische Oberfl\u00e4chen detailliert analysiert werden k\u00f6nnen. In Kombination mit herk\u00f6mmlicher Ray-Tracing-Software und mehr als 15 Jahren Erfahrung im IOL-Design bieten wir optimierte L\u00f6sungen f\u00fcr jeden IOL-Typ:<\/p>\n<ul>\n<li>Refraktive- und diffraktive Optiken jeglicher Form<\/li>\n<li>Monofokale, monofokal plus, EDOF, bi- und multifokale Optiken<\/li>\n<li>Torische, asph\u00e4rische, sektorf\u00f6rmige und Freiform-Optiken<\/li>\n<\/ul>\n<p>Gemeinsam mit Partner-Unternehmen fertigen wir diese hochkomplexen optischen Oberfl\u00e4chen mit h\u00f6chster Pr\u00e4zision, um unsere theoretischen Designs zu validieren und die visuellen Ergebnisse zu bewerten.<\/p>\n<p>Neben modernster Ausstattung f\u00fcr optische Tests nutzen wir das optische System RALV (Real Artificial Lens Vision \u00a9 DEZIMAL GmbH) zur Evaluierung der Linsen. Wir haben \u00fcber ein Jahrzehnt an der optischen Technologie dieses Ger\u00e4ts gearbeitet und freuen uns, dass daraus das Spin-off-Unternehmen DEZIMAL GmbH entstanden ist. Mit RALV k\u00f6nnen wir das Seherlebnis der IOL-Prototypen in einer realen Umgebung erleben. Dies ist nicht nur f\u00fcr uns ein wichtiger Schritt im Designprozess sondern es erlaubt uns auch anderen unsere L\u00f6sungen herzuzeigen, statt mit theoretischen Werten zu beschreiben.<\/p>\n\t\t\t\t<p>Klinische Studien mit RALV k\u00f6nnen schnell und mit moderatem Aufwand durchgef\u00fchrt werden. Neben der Vorhersage der klassischen Sehsch\u00e4rfe erm\u00f6glicht das Ger\u00e4t eine umfassendere Bewertung der Linsen, die \u00fcber Visual Acuity hinausgeht. Der schnelle und m\u00fchelose Austausch der IOLs erm\u00f6glicht einen direkten Vergleich von Prototypen sowie auf dem Markt erh\u00e4ltlichen Konkurrenzlinsen. Unser Team bietet eine umfassende Palette an Dienstleistungen, einschlie\u00dflich Studienplanung und -management, Probandenrekrutierung, Medical Writing, Datenverarbeitung und statistische Analyse.<\/p>\n\t\t\t\t<a href=\"https:\/\/acmit.at\/wp-content\/uploads\/2025\/02\/Improved-IOL-Development.png\"  target=\"_self\" itemprop=\"url\">\n\t\t\t\t<img decoding=\"async\" src=\"https:\/\/acmit.at\/wp-content\/uploads\/2025\/02\/Improved-IOL-Development.png\" alt=\"Improved IOL Development\" itemprop=\"image\" height=\"1320\" width=\"2693\" title=\"Improved IOL Development\" onerror=\"this.style.display='none'\" loading=\"lazy\" \/>\n\t\t\t\t<\/a>\n\t\t\t\t<p>Sobald das Design feststeht ist, begleiten wir Sie durch den gesamten Transfer in die Produktion: Wir passen das optische Design an Ihre Anlagen und Fertigungsabl\u00e4ufe an. Unser technischer Support begleitet Sie bei jedem Schritt bis zur Markteinf\u00fchrung des Produkts.<\/p>\n<p>F\u00fcr weitere Informationen kontaktieren Sie uns bitte unter: <a href=\"mailto:kirsten.lux@acmit.at\" target=\"_blank\" rel=\"noopener\">kirsten.lux@acmit.at<\/a><\/p>\n\t\t\t<h2>Usability<\/h2>\n\t\t\t<h3>Engineering und Bewertung<\/h3>\n\t\t\t\t<p>Unser <strong>All-in-Usability-Paket<\/strong> inkludiert alle Usability Engineering-Aufgaben vom Start der Produktentwicklung bis zum vollst\u00e4ndigen <strong>Usability File<\/strong> nach IEC 62366 &#8211; bereit zur Einreichung f\u00fcr die Konformit\u00e4tserkl\u00e4rung.<\/p>\n\t\t\t\t<a href=\"https:\/\/acmit.at\/wp-content\/uploads\/2023\/12\/Phasenubersicht-Medizinproduktentwicklung-V0.5-ENDENUsability-details.jpg\"  target=\"_self\" itemprop=\"url\">\n\t\t\t\t<img decoding=\"async\" src=\"https:\/\/acmit.at\/wp-content\/uploads\/2023\/12\/Phasenubersicht-Medizinproduktentwicklung-V0.5-ENDENUsability-details.jpg\" alt=\"Phasen\u00fcbersicht Medizinproduktentwicklung V0.5-EN(DEN)+Usability details\" itemprop=\"image\" height=\"724\" width=\"2263\" title=\"Phasen\u00fcbersicht Medizinproduktentwicklung V0.5-EN(DEN)+Usability details\" onerror=\"this.style.display='none'\" loading=\"lazy\" \/>\n\t\t\t\t<\/a>\n\t\t\t\t<p>Im Folgenden werden die <strong>Hauptaufgaben<\/strong> dargestellt:<\/p>\n<ul>\n<li>\u00dcberpr\u00fcfung bereits vorhandener technischer Dokumentation, z.B. bestimmungsgem\u00e4\u00dfe Verwendung, Risikomanagement,<\/li>\n<li><strong>Nutzerforschung<\/strong> Analyse, z.B. Kontextuntersuchung, Beobachtung oder andere Techniken,<\/li>\n<li>Durchf\u00fchrung einer <strong>Use Error Risk Analysis<\/strong> zur Ermittlung gefahrenbezogener Benutzungsszenarios,<\/li>\n<li><strong>Konzeptionelles Benutzeroberfl\u00e4chendesign<\/strong> in Bezug auf Gebrauchstauglichkeit nach allgemein anerkannten Standards und Richtlinien,<\/li>\n<li><strong>Formative Bewertung<\/strong>, z.B. dokumentierte Verifikation, Expertenbewertungen, \u201eCognitive Walkthrough&#8220; (Durchdenken eines Problems), Gebrauchstauglichkeits-Tests,<\/li>\n<li><strong>Summative Bewertung<\/strong>, d.h. Gebrauchstauglichkeits-Test vor Ort (mobiles Usability-Labor) oder in unserem voll ausgestatteten Usability-Labor, das aus einem experimentellen OP, einer Wohnraumumgebung und einem \u00dcberwachungsraum mit moderner Video- und Audiotechnik besteht. Wir planen und f\u00fchren den Test mit rekrutierten echten Anwendern durch.<\/li>\n<\/ul>\n\t\t\t<h2>Auftragsfertigung<\/h2>\n\t\t\t<h3>Kleinserienfertigung von Medizinprodukten<\/h3>\n\t\t\t\t<p>Unsere Tochtergesellschaft ACMIT Manufacturing GmbH bietet die Kleinserien- Auftragsfertigung von Medizinprodukten (optional unter Reinraumbedingungen) an. Dazu geh\u00f6rt auch das Lieferketten-Management.<\/p>\n\t\t\t\t<img decoding=\"async\" src=\"https:\/\/acmit.at\/wp-content\/uploads\/2020\/04\/acmit_manufacturing_Logo-trans.png\" alt=\"acmit_manufacturing_Logo-trans\" itemprop=\"image\" height=\"308\" width=\"600\" title=\"acmit_manufacturing_Logo-trans\" onerror=\"this.style.display='none'\" loading=\"lazy\" \/>\n\t\t\t<h2>Anatomische Modelle<\/h2>\n\t\t\t<h3>Anwendungsorientierte Modelle<\/h3>\n\t\t\t\t<p>Wir bieten anwendungsorientierte anatomische Modelle, um die Zahl der Leichentests bei der Entwicklung von Medizinprodukten deutlich zu reduzieren und eine verbesserte L\u00f6sung f\u00fcr die Ausbildung von klinischem Personal zu bieten. Mit patientenspezifischen Modellen k\u00f6nnen komplexe Operationen trainiert und optimiert werden, um die Patientensicherheit zu verbessern. Der gro\u00dfe Vorteil unserer anwendungsorientierten anatomischen Modelle ist, dass sie auf jene Parameter optimiert sind, die das klinische Ergebnis entscheidend beeinflussen.<\/p>\n<p>F\u00fcr weitere Informationen \u00fcber unser aktuelles Angebot an anatomischen Modellen besuchen Sie bitte unseren Online-Shop oder kontaktieren Sie uns per E-Mail webshop@acmit.at.<\/p>\n\t\t\t<h2>QMS STARTERPAKET<\/h2>\n\t\t\t<h3>QM-System Starterpaket<\/h3>\n\t\t\t\t<p>Die ACMIT Gmbh bietet Unternehmen (v.a. Start-ups) ein Qualit\u00e4tsmanagementsystem (QMS) als Starterpaket an.<\/p>\n<p>Das QMS Starterpaket umfasst derzeit ca. 30 Muster-Verfahrensanweisungen und ca. 100 Muster-Vorlagen im MS Word und MS Excel Format. Diese Muster helfen Ihnen dabei, spezifisch auf Ihre Organisation abgestimmte Verfahren und Vorlagen zu erstellen. Die Details zu den angebotenen Verfahrensanweisungen und Vorlagen k\u00f6nnen im Dokument \u201e<a href=\"https:\/\/acmit.at\/wp-content\/uploads\/2024\/09\/Umfang_QMS_Starterpaket-_Website_V1.pdf\" target=\"_blank\" rel=\"noopener\">Umfang Starterpaket<\/a>&#8220; eingesehen werden.<\/p>\n<p>Unsere erfahrenen Mitarbeitenden der Qualit\u00e4tsmanagementabteilung unterst\u00fctzen Sie gerne beim Aufbau und der Pflege Ihres Qualit\u00e4tsmanagementsystems um alle erforderlichen regulatorischen Anforderungen der <strong>EN ISO 13485:2021<\/strong>\u00a0und der <strong>Medizinprodukteverordnung (EU) 2017\/745<\/strong> zu erf\u00fcllen.<\/p>\n\n","protected":false},"excerpt":{"rendered":"<p>Dienstleister ACMIT bietet F&amp;E-Dienstleistungen entlang der gesamten Prozesskette bez\u00fcglich: klinischer Arbeitsablauf, medizinisch-chirurgischer Eingriff durch das klinische Personal, Entwicklungprozess. Hierbei verfolgen wir einen integrativen Ansatz. Unsere Forschungsaktivit\u00e4ten befassen sich mit dem gesamten Arbeitsablauf im Operationssaal &#8211; vor, w\u00e4hrend und nach einem [&hellip;]<\/p>\n","protected":false},"author":1,"featured_media":0,"parent":0,"menu_order":0,"comment_status":"closed","ping_status":"closed","template":"","meta":{"_acf_changed":false,"_uag_custom_page_level_css":"","site-sidebar-layout":"no-sidebar","site-content-layout":"page-builder","ast-site-content-layout":"full-width-container","site-content-style":"unboxed","site-sidebar-style":"unboxed","ast-global-header-display":"","ast-banner-title-visibility":"","ast-main-header-display":"","ast-hfb-above-header-display":"","ast-hfb-below-header-display":"","ast-hfb-mobile-header-display":"","site-post-title":"disabled","ast-breadcrumbs-content":"","ast-featured-img":"disabled","footer-sml-layout":"","theme-transparent-header-meta":"default","adv-header-id-meta":"","stick-header-meta":"default","header-above-stick-meta":"","header-main-stick-meta":"","header-below-stick-meta":"","astra-migrate-meta-layouts":"default","ast-page-background-enabled":"default","ast-page-background-meta":{"desktop":{"background-color":"","background-image":"","background-repeat":"repeat","background-position":"center center","background-size":"auto","background-attachment":"scroll","background-type":"","background-media":"","overlay-type":"","overlay-color":"","overlay-opacity":"","overlay-gradient":""},"tablet":{"background-color":"","background-image":"","background-repeat":"repeat","background-position":"center center","background-size":"auto","background-attachment":"scroll","background-type":"","background-media":"","overlay-type":"","overlay-color":"","overlay-opacity":"","overlay-gradient":""},"mobile":{"background-color":"","background-image":"","background-repeat":"repeat","background-position":"center center","background-size":"auto","background-attachment":"scroll","background-type":"","background-media":"","overlay-type":"","overlay-color":"","overlay-opacity":"","overlay-gradient":""}},"ast-content-background-meta":{"desktop":{"background-color":"var(--ast-global-color-5)","background-image":"","background-repeat":"repeat","background-position":"center center","background-size":"auto","background-attachment":"scroll","background-type":"","background-media":"","overlay-type":"","overlay-color":"","overlay-opacity":"","overlay-gradient":""},"tablet":{"background-color":"var(--ast-global-color-5)","background-image":"","background-repeat":"repeat","background-position":"center center","background-size":"auto","background-attachment":"scroll","background-type":"","background-media":"","overlay-type":"","overlay-color":"","overlay-opacity":"","overlay-gradient":""},"mobile":{"background-color":"var(--ast-global-color-5)","background-image":"","background-repeat":"repeat","background-position":"center center","background-size":"auto","background-attachment":"scroll","background-type":"","background-media":"","overlay-type":"","overlay-color":"","overlay-opacity":"","overlay-gradient":""}},"footnotes":""},"class_list":["post-6470","page","type-page","status-publish","hentry"],"acf":[],"uagb_featured_image_src":{"full":false,"thumbnail":false,"medium":false,"medium_large":false,"large":false,"1536x1536":false,"2048x2048":false,"woocommerce_thumbnail":false,"woocommerce_single":false,"woocommerce_gallery_thumbnail":false},"uagb_author_info":{"display_name":"webi","author_link":"https:\/\/acmit.at\/de\/author\/webi\/"},"uagb_comment_info":0,"uagb_excerpt":"Dienstleister ACMIT bietet F&amp;E-Dienstleistungen entlang der gesamten Prozesskette bez\u00fcglich: klinischer Arbeitsablauf, medizinisch-chirurgischer Eingriff durch das klinische Personal, Entwicklungprozess. Hierbei verfolgen wir einen integrativen Ansatz. Unsere Forschungsaktivit\u00e4ten befassen sich mit dem gesamten Arbeitsablauf im Operationssaal &#8211; vor, w\u00e4hrend und nach einem [&hellip;]","_links":{"self":[{"href":"https:\/\/acmit.at\/de\/wp-json\/wp\/v2\/pages\/6470","targetHints":{"allow":["GET"]}}],"collection":[{"href":"https:\/\/acmit.at\/de\/wp-json\/wp\/v2\/pages"}],"about":[{"href":"https:\/\/acmit.at\/de\/wp-json\/wp\/v2\/types\/page"}],"author":[{"embeddable":true,"href":"https:\/\/acmit.at\/de\/wp-json\/wp\/v2\/users\/1"}],"replies":[{"embeddable":true,"href":"https:\/\/acmit.at\/de\/wp-json\/wp\/v2\/comments?post=6470"}],"version-history":[{"count":18,"href":"https:\/\/acmit.at\/de\/wp-json\/wp\/v2\/pages\/6470\/revisions"}],"predecessor-version":[{"id":8902,"href":"https:\/\/acmit.at\/de\/wp-json\/wp\/v2\/pages\/6470\/revisions\/8902"}],"wp:attachment":[{"href":"https:\/\/acmit.at\/de\/wp-json\/wp\/v2\/media?parent=6470"}],"curies":[{"name":"wp","href":"https:\/\/api.w.org\/{rel}","templated":true}]}}