{"id":6448,"date":"2021-05-22T16:28:55","date_gmt":"2021-05-22T14:28:55","guid":{"rendered":"https:\/\/acmit.at\/disclaimer\/"},"modified":"2025-06-24T16:22:27","modified_gmt":"2025-06-24T14:22:27","slug":"disclaimer","status":"publish","type":"page","link":"https:\/\/acmit.at\/de\/disclaimer\/","title":{"rendered":"Disclaimer"},"content":{"rendered":"\n\n\t\t\t\t<p>Diese Website bietet Informationen \u00fcber ACMIT und seine Forschungsdienstleistungen. Alle Texte, Bilder, Fotos und Grafiken auf dieser Website sind urheberrechtlich gesch\u00fctzt und d\u00fcrfen ohne vorherige schriftliche Genehmigung von ACMIT nicht in elektronischen oder gedruckten Ver\u00f6ffentlichungen verwendet oder reproduziert werden. Das Copyright der Firmenlogos liegen bei den jeweiligen Unternehmen.<\/p>\n<p>Obwohl ACMIT alle Texte und Inhalte dieser Website sorgf\u00e4ltig gepr\u00fcft hat, \u00fcbernehmen wir keine Haftung f\u00fcr die Richtigkeit und Vollst\u00e4ndigkeit der auf dieser Website bereitgestellten Informationen.<\/p>\n<p>Diese Website enth\u00e4lt Links zu anderen Webseiten. ACMIT hat keine Kontrolle \u00fcber den Inhalt dieser Webseiten und \u00fcbernimmt keine Haftung daf\u00fcr.<\/p>\n<p>ACMIT beh\u00e4lt sich das Recht vor, den Inhalt dieser Website ohne vorherige Ank\u00fcndigung zu \u00e4ndern.<\/p>\n<p>Der Nutzer dieser Webseite erkennt an, dass die Nutzung dieser Website oder der hier bereitgestellten Informationen ausschlie\u00dflich auf eigenes Risiko erfolgt und ACMIT \u00fcbernimmt keinerlei Haftung f\u00fcr Sch\u00e4den oder Verluste.<\/p>\n\n","protected":false},"excerpt":{"rendered":"<p>Diese Website bietet Informationen \u00fcber ACMIT und seine Forschungsdienstleistungen. Alle Texte, Bilder, Fotos und Grafiken auf dieser Website sind urheberrechtlich gesch\u00fctzt und d\u00fcrfen ohne vorherige schriftliche Genehmigung von ACMIT nicht in elektronischen oder gedruckten Ver\u00f6ffentlichungen verwendet oder reproduziert werden. Das [&hellip;]<\/p>\n","protected":false},"author":1,"featured_media":0,"parent":0,"menu_order":0,"comment_status":"closed","ping_status":"closed","template":"","meta":{"_acf_changed":false,"_uag_custom_page_level_css":"","site-sidebar-layout":"no-sidebar","site-content-layout":"page-builder","ast-site-content-layout":"full-width-container","site-content-style":"unboxed","site-sidebar-style":"unboxed","ast-global-header-display":"","ast-banner-title-visibility":"","ast-main-header-display":"","ast-hfb-above-header-display":"","ast-hfb-below-header-display":"","ast-hfb-mobile-header-display":"","site-post-title":"disabled","ast-breadcrumbs-content":"","ast-featured-img":"disabled","footer-sml-layout":"","theme-transparent-header-meta":"disabled","adv-header-id-meta":"","stick-header-meta":"default","header-above-stick-meta":"","header-main-stick-meta":"","header-below-stick-meta":"","astra-migrate-meta-layouts":"default","ast-page-background-enabled":"default","ast-page-background-meta":{"desktop":{"background-color":"","background-image":"","background-repeat":"repeat","background-position":"center center","background-size":"auto","background-attachment":"scroll","background-type":"","background-media":"","overlay-type":"","overlay-color":"","overlay-opacity":"","overlay-gradient":""},"tablet":{"background-color":"","background-image":"","background-repeat":"repeat","background-position":"center center","background-size":"auto","background-attachment":"scroll","background-type":"","background-media":"","overlay-type":"","overlay-color":"","overlay-opacity":"","overlay-gradient":""},"mobile":{"background-color":"","background-image":"","background-repeat":"repeat","background-position":"center center","background-size":"auto","background-attachment":"scroll","background-type":"","background-media":"","overlay-type":"","overlay-color":"","overlay-opacity":"","overlay-gradient":""}},"ast-content-background-meta":{"desktop":{"background-color":"var(--ast-global-color-5)","background-image":"","background-repeat":"repeat","background-position":"center center","background-size":"auto","background-attachment":"scroll","background-type":"","background-media":"","overlay-type":"","overlay-color":"","overlay-opacity":"","overlay-gradient":""},"tablet":{"background-color":"var(--ast-global-color-5)","background-image":"","background-repeat":"repeat","background-position":"center center","background-size":"auto","background-attachment":"scroll","background-type":"","background-media":"","overlay-type":"","overlay-color":"","overlay-opacity":"","overlay-gradient":""},"mobile":{"background-color":"var(--ast-global-color-5)","background-image":"","background-repeat":"repeat","background-position":"center center","background-size":"auto","background-attachment":"scroll","background-type":"","background-media":"","overlay-type":"","overlay-color":"","overlay-opacity":"","overlay-gradient":""}},"footnotes":""},"class_list":["post-6448","page","type-page","status-publish","hentry"],"acf":[],"uagb_featured_image_src":{"full":false,"thumbnail":false,"medium":false,"medium_large":false,"large":false,"1536x1536":false,"2048x2048":false,"woocommerce_thumbnail":false,"woocommerce_single":false,"woocommerce_gallery_thumbnail":false},"uagb_author_info":{"display_name":"webi","author_link":"https:\/\/acmit.at\/de\/author\/webi\/"},"uagb_comment_info":0,"uagb_excerpt":"Diese Website bietet Informationen \u00fcber ACMIT und seine Forschungsdienstleistungen. Alle Texte, Bilder, Fotos und Grafiken auf dieser Website sind urheberrechtlich gesch\u00fctzt und d\u00fcrfen ohne vorherige schriftliche Genehmigung von ACMIT nicht in elektronischen oder gedruckten Ver\u00f6ffentlichungen verwendet oder reproduziert werden. Das [&hellip;]","_links":{"self":[{"href":"https:\/\/acmit.at\/de\/wp-json\/wp\/v2\/pages\/6448","targetHints":{"allow":["GET"]}}],"collection":[{"href":"https:\/\/acmit.at\/de\/wp-json\/wp\/v2\/pages"}],"about":[{"href":"https:\/\/acmit.at\/de\/wp-json\/wp\/v2\/types\/page"}],"author":[{"embeddable":true,"href":"https:\/\/acmit.at\/de\/wp-json\/wp\/v2\/users\/1"}],"replies":[{"embeddable":true,"href":"https:\/\/acmit.at\/de\/wp-json\/wp\/v2\/comments?post=6448"}],"version-history":[{"count":1,"href":"https:\/\/acmit.at\/de\/wp-json\/wp\/v2\/pages\/6448\/revisions"}],"predecessor-version":[{"id":8608,"href":"https:\/\/acmit.at\/de\/wp-json\/wp\/v2\/pages\/6448\/revisions\/8608"}],"wp:attachment":[{"href":"https:\/\/acmit.at\/de\/wp-json\/wp\/v2\/media?parent=6448"}],"curies":[{"name":"wp","href":"https:\/\/api.w.org\/{rel}","templated":true}]}}