{"id":6444,"date":"2021-05-21T11:22:08","date_gmt":"2021-05-21T09:22:08","guid":{"rendered":"https:\/\/acmit.at\/impressum\/"},"modified":"2025-09-26T13:43:35","modified_gmt":"2025-09-26T11:43:35","slug":"impressum","status":"publish","type":"page","link":"https:\/\/acmit.at\/de\/impressum\/","title":{"rendered":"Impressum"},"content":{"rendered":"\n\n\t<h3>ACMIT Gmbh<\/h3>\nViktor Kaplan-Stra\u00dfe 2<br \/>\n2700 Wiener Neustadt<br \/>\n\u00d6sterreich\nTelefon: +43 2622 22859 0<br \/>\nE-Mail: <a href=\"mailto:office@acmit.at\">office@acmit.at<\/a>\n<p>Gesch\u00e4ftsf\u00fchrer: Dipl.-Ing. Nikolaus Dellantoni<\/p>\nHandelsregister: Wiener Neustadt<br \/>\nFirmenbuchnummer: FN273932t<br \/>\nUID-Nummer: ATU62329778<br \/>\nEORI-Nummer: ATEOS1000023951\n\t<h3><strong>ACMIT<\/strong> Manufacturing<strong> GmbH<\/strong><\/h3>\nViktor Kaplan-Stra\u00dfe 2<br \/>\n2700 Wiener Neustadt<br \/>\n\u00d6sterreich\nTelefon: +43 2622 22859 0<br \/>\nE-mail: <a href=\"mailto:office@acmit-manufacturing.at\">office@acmit-manufacturing.at<\/a>\n<p>Gesch\u00e4ftsf\u00fchrer: Dipl.-Ing. Nikolaus Dellantoni<\/p>\nHandelsregister: Wiener Neustadt<br \/>\nFirmenbuchnummer: FN496702w<br \/>\nUID-Nummer: ATU73553004<br \/>\nEORI-Nummer: ATEOS1000108041\n<h6>\n\t\t\tBildreferenzen:\t<\/h6>\n\tiStock_000007431098_Medium &#8211; \u00a9iStockphoto.com\/Andr\u00e9 Panneton<br \/>\niStock_000010988733_Medium &#8211; \u00a9iStockphoto.com\/Tony Jenkins<br \/>\niStock_000011473520_Medium &#8211; \u00a9iStockphoto.com\/zilli<br \/>\niStock_000013351229_Medium &#8211; \u00a9iStockphoto.com\/Nr.000013351229<br \/>\niStock_000013388725_Medium &#8211; \u00a9iStockphoto.com\/Nr.000013388725<br \/>\n\u00a9Hinterramskogler\n<h6><strong>Das Impressum gilt f\u00fcr diese Website und unsere Social-Media-Pr\u00e4senz:<\/strong><\/h6>\n<a href=\"https:\/\/www.linkedin.com\/company\/acmit\" target=\"_blank\" rel=\"noopener\">https:\/\/www.linkedin.com\/company\/acmit<\/a>\u00a0 <a href=\"https:\/\/www.xing.com\/companies\/acmitgmbh\" target=\"_blank\" rel=\"noopener\">https:\/\/www.xing.com\/companies\/acmitgmbh<\/a><br \/>\n<a href=\"https:\/\/www.facebook.com\/www.acmit.at\/\" target=\"_blank\" rel=\"noopener\">https:\/\/www.facebook.com\/www.acmit.at\/<\/a> <a href=\"https:\/\/www.instagram.com\/acmit_\/\" target=\"_blank\" rel=\"noopener\">https:\/\/www.instagram.com\/acmit_\/<\/a><br \/>\n<a href=\"https:\/\/www.youtube.com\/channel\/UCPxsinS_jveGL2pARtg8MjA\" target=\"_blank\" rel=\"noopener\">https:\/\/www.youtube.com\/channel\/UCPxsinS_jveGL2pARtg8MjA<\/a>\n\n","protected":false},"excerpt":{"rendered":"<p>ACMIT Gmbh Viktor Kaplan-Stra\u00dfe 2 2700 Wiener Neustadt \u00d6sterreich Telefon: +43 2622 22859 0 E-Mail: office@acmit.at Gesch\u00e4ftsf\u00fchrer: Dipl.-Ing. Nikolaus Dellantoni Handelsregister: Wiener Neustadt Firmenbuchnummer: FN273932t UID-Nummer: ATU62329778 EORI-Nummer: ATEOS1000023951 ACMIT Manufacturing GmbH Viktor Kaplan-Stra\u00dfe 2 2700 Wiener Neustadt \u00d6sterreich Telefon: [&hellip;]<\/p>\n","protected":false},"author":1,"featured_media":0,"parent":0,"menu_order":0,"comment_status":"closed","ping_status":"closed","template":"","meta":{"_acf_changed":false,"_uag_custom_page_level_css":"","site-sidebar-layout":"no-sidebar","site-content-layout":"page-builder","ast-site-content-layout":"full-width-container","site-content-style":"unboxed","site-sidebar-style":"unboxed","ast-global-header-display":"","ast-banner-title-visibility":"","ast-main-header-display":"","ast-hfb-above-header-display":"","ast-hfb-below-header-display":"","ast-hfb-mobile-header-display":"","site-post-title":"disabled","ast-breadcrumbs-content":"","ast-featured-img":"disabled","footer-sml-layout":"","theme-transparent-header-meta":"disabled","adv-header-id-meta":"","stick-header-meta":"default","header-above-stick-meta":"","header-main-stick-meta":"","header-below-stick-meta":"","astra-migrate-meta-layouts":"default","ast-page-background-enabled":"default","ast-page-background-meta":{"desktop":{"background-color":"","background-image":"","background-repeat":"repeat","background-position":"center center","background-size":"auto","background-attachment":"scroll","background-type":"","background-media":"","overlay-type":"","overlay-color":"","overlay-opacity":"","overlay-gradient":""},"tablet":{"background-color":"","background-image":"","background-repeat":"repeat","background-position":"center center","background-size":"auto","background-attachment":"scroll","background-type":"","background-media":"","overlay-type":"","overlay-color":"","overlay-opacity":"","overlay-gradient":""},"mobile":{"background-color":"","background-image":"","background-repeat":"repeat","background-position":"center center","background-size":"auto","background-attachment":"scroll","background-type":"","background-media":"","overlay-type":"","overlay-color":"","overlay-opacity":"","overlay-gradient":""}},"ast-content-background-meta":{"desktop":{"background-color":"var(--ast-global-color-5)","background-image":"","background-repeat":"repeat","background-position":"center center","background-size":"auto","background-attachment":"scroll","background-type":"","background-media":"","overlay-type":"","overlay-color":"","overlay-opacity":"","overlay-gradient":""},"tablet":{"background-color":"var(--ast-global-color-5)","background-image":"","background-repeat":"repeat","background-position":"center center","background-size":"auto","background-attachment":"scroll","background-type":"","background-media":"","overlay-type":"","overlay-color":"","overlay-opacity":"","overlay-gradient":""},"mobile":{"background-color":"var(--ast-global-color-5)","background-image":"","background-repeat":"repeat","background-position":"center center","background-size":"auto","background-attachment":"scroll","background-type":"","background-media":"","overlay-type":"","overlay-color":"","overlay-opacity":"","overlay-gradient":""}},"footnotes":""},"class_list":["post-6444","page","type-page","status-publish","hentry"],"acf":[],"uagb_featured_image_src":{"full":false,"thumbnail":false,"medium":false,"medium_large":false,"large":false,"1536x1536":false,"2048x2048":false,"woocommerce_thumbnail":false,"woocommerce_single":false,"woocommerce_gallery_thumbnail":false},"uagb_author_info":{"display_name":"webi","author_link":"https:\/\/acmit.at\/de\/author\/webi\/"},"uagb_comment_info":0,"uagb_excerpt":"ACMIT Gmbh Viktor Kaplan-Stra\u00dfe 2 2700 Wiener Neustadt \u00d6sterreich Telefon: +43 2622 22859 0 E-Mail: office@acmit.at Gesch\u00e4ftsf\u00fchrer: Dipl.-Ing. Nikolaus Dellantoni Handelsregister: Wiener Neustadt Firmenbuchnummer: FN273932t UID-Nummer: ATU62329778 EORI-Nummer: ATEOS1000023951 ACMIT Manufacturing GmbH Viktor Kaplan-Stra\u00dfe 2 2700 Wiener Neustadt \u00d6sterreich Telefon: [&hellip;]","_links":{"self":[{"href":"https:\/\/acmit.at\/de\/wp-json\/wp\/v2\/pages\/6444","targetHints":{"allow":["GET"]}}],"collection":[{"href":"https:\/\/acmit.at\/de\/wp-json\/wp\/v2\/pages"}],"about":[{"href":"https:\/\/acmit.at\/de\/wp-json\/wp\/v2\/types\/page"}],"author":[{"embeddable":true,"href":"https:\/\/acmit.at\/de\/wp-json\/wp\/v2\/users\/1"}],"replies":[{"embeddable":true,"href":"https:\/\/acmit.at\/de\/wp-json\/wp\/v2\/comments?post=6444"}],"version-history":[{"count":1,"href":"https:\/\/acmit.at\/de\/wp-json\/wp\/v2\/pages\/6444\/revisions"}],"predecessor-version":[{"id":8818,"href":"https:\/\/acmit.at\/de\/wp-json\/wp\/v2\/pages\/6444\/revisions\/8818"}],"wp:attachment":[{"href":"https:\/\/acmit.at\/de\/wp-json\/wp\/v2\/media?parent=6444"}],"curies":[{"name":"wp","href":"https:\/\/api.w.org\/{rel}","templated":true}]}}