{"id":6441,"date":"2021-05-19T22:18:53","date_gmt":"2021-05-19T20:18:53","guid":{"rendered":"https:\/\/acmit.at\/kontakt\/"},"modified":"2021-11-09T10:45:45","modified_gmt":"2021-11-09T09:45:45","slug":"kontakt","status":"publish","type":"page","link":"https:\/\/acmit.at\/de\/kontakt\/","title":{"rendered":"Kontakt"},"content":{"rendered":"\n\n\t<ul>\n\t\t<li>\t\t\t\t\n\t\t<h5>ACMIT Gmbh<\/h5>Viktor Kaplan-Stra\u00dfe 2<br \/>\n2700 Wiener Neustadt<br \/>\n\u00d6sterreich\nTelefon: +43 2622 22859 0<br \/>\nE-Mail: <a href=\"mailto:office@acmit.at\">office@acmit.at<\/a>\n<\/li><li>\t\t\t\t\n\t\t<h5>ACMIT Manufacturing GmbH<\/h5>Viktor Kaplan-Stra\u00dfe 2<br \/>\n2700 Wiener Neustadt<br \/>\n\u00d6sterreich\nTelefon: +43 2622 22859 0<br \/>\nE-mail: <a href=\"mailto:office@acmit-manufacturing.at\">office@acmit-manufacturing.at<\/a>\n<\/li>\t<\/ul>\n\t\t\t<h3>Medienkontakt<\/h3>\n\t\t\t\t<p>F\u00fcr Medienanfragen wenden Sie sich bitte an:<\/p>\n\t<meta itemscope itemprop=\"mainEntityOfPage\" itemtype=\"https:\/\/schema.org\/WebPage\" itemid=\"https:\/\/acmit.at\/de\/manager\/bernhard-nusbaumer\/\" content=\"Bernhard Nu\u00dfbaumer\" \/><meta itemprop=\"datePublished\" content=\"2020-04-20\" \/><meta itemprop=\"dateModified\" content=\"2021-04-06\" \/><meta itemprop=\"name\" content=\"ACMIT.at\"\/><meta itemprop=\"url\" content=\"https:\/\/acmit.at\/wp-content\/uploads\/2020\/04\/acmit_logo-500-trans.png\"\/><meta itemprop=\"url\" content=\"https:\/\/acmit.at\/de\/author\/webi\/\" \/><meta itemprop=\"name\" content=\"webi\" \/><meta itemprop=\"url\" content=\"https:\/\/acmit.at\/wp-content\/uploads\/2020\/04\/B-Nussbaumer-e1587333015375.jpg\" \/><meta itemprop=\"width\" content=\"900\" \/><meta itemprop=\"height\" content=\"900\" \/><meta itemprop=\"interactionType\" content=\"https:\/\/schema.org\/CommentAction\" \/><meta itemprop=\"userInteractionCount\" content=\"0\" \/>\n\t<img decoding=\"async\" width=\"600\" height=\"600\" src=\"https:\/\/acmit.at\/wp-content\/uploads\/2020\/04\/B-Nussbaumer-e1587333015375-600x600.jpg\" alt=\"\" itemprop=\"image\" srcset=\"https:\/\/acmit.at\/wp-content\/uploads\/2020\/04\/B-Nussbaumer-e1587333015375-600x600.jpg 600w, https:\/\/acmit.at\/wp-content\/uploads\/2020\/04\/B-Nussbaumer-e1587333015375-700x700.jpg 700w, https:\/\/acmit.at\/wp-content\/uploads\/2020\/04\/B-Nussbaumer-e1587333015375-768x768.jpg 768w, https:\/\/acmit.at\/wp-content\/uploads\/2020\/04\/B-Nussbaumer-e1587333015375-500x500.jpg 500w, https:\/\/acmit.at\/wp-content\/uploads\/2020\/04\/B-Nussbaumer-e1587333015375-300x300.jpg 300w, https:\/\/acmit.at\/wp-content\/uploads\/2020\/04\/B-Nussbaumer-e1587333015375.jpg 900w\" sizes=\"(max-width: 600px) 100vw, 600px\" \/>\n    <h3>\n        Bernhard Nu\u00dfbaumer\n    <\/h3>\n    <h6>Dipl.-Ing. MAS EMBA&nbsp;<\/h6>\n    \n         <a href=\"tel:+436643582028\">+43 664 3582028<br \/><\/a>\n         <a href=\"mailto:bernhard.nussbaumer@acmit.at\">bernhard.nussbaumer@acmit.at<\/a>\n <div class=\"brlbs-cmpnt-container brlbs-cmpnt-content-blocker brlbs-cmpnt-with-individual-styles\" data-borlabs-cookie-content-blocker-id=\"google-maps\" data-borlabs-cookie-content=\"PGlmcmFtZSBpZD0iZ21hcF9jYW52YXMiIHNyYz0iaHR0cHM6Ly93d3cuZ29vZ2xlLmNvbS9tYXBzL2VtYmVkP3BiPSExbTE4ITFtMTIhMW0zITFkOTk2Ni42MDgwNTM3NzQ0MTEhMmQxNi4yNTQ3MTQ2Mjk2Nzc3MzYhM2Q0Ny44MzU1MjExOTMyODE1OSEybTMhMWYwITJmMCEzZjAhM20yITFpMTAyNCEyaTc2OCE0ZjEzLjEhM20zITFtMiExczB4NDc2ZGNiYjQxMmUzNGE0YiUzQTB4ZmJjZmYyYzJiNTIzMjYzZCEyc0FDTUlUJTIwR21iaCE1ZTAhM20yITFzZGUhMnNhdCE0djE1ODY5NTE4MjQ2MDQhNW0yITFzZGUhMnNhdCIgd2lkdGg9IjEwMCUiIGhlaWdodD0iNTAwIiBmcmFtZWJvcmRlcj0iMCIgbWFyZ2lud2lkdGg9IjAiIG1hcmdpbmhlaWdodD0iMCIgc2Nyb2xsaW5nPSJubyI+PC9pZnJhbWU+\"><div class=\"brlbs-cmpnt-cb-preset-b brlbs-cmpnt-cb-google-maps\"> <div class=\"brlbs-cmpnt-cb-thumbnail\" style=\"background-image: url('https:\/\/acmit.at\/wp-content\/uploads\/borlabs-cookie\/1\/brlbs-cb-google-maps-main.png')\"><\/div> <div class=\"brlbs-cmpnt-cb-main\"> <div class=\"brlbs-cmpnt-cb-content\"> <p class=\"brlbs-cmpnt-cb-description\">Sie sehen gerade einen Platzhalterinhalt von <strong>Google Maps<\/strong>. Um auf den eigentlichen Inhalt zuzugreifen, klicken Sie auf die Schaltfl\u00e4che unten. Bitte beachten Sie, dass dabei Daten an Drittanbieter weitergegeben werden.<\/p> <a class=\"brlbs-cmpnt-cb-provider-toggle\" href=\"#\" data-borlabs-cookie-show-provider-information role=\"button\">Mehr Informationen<\/a> <\/div> <div class=\"brlbs-cmpnt-cb-buttons\"> <a class=\"brlbs-cmpnt-cb-btn\" href=\"#\" data-borlabs-cookie-unblock role=\"button\">Inhalt entsperren<\/a> <a class=\"brlbs-cmpnt-cb-btn\" href=\"#\" data-borlabs-cookie-accept-service role=\"button\" style=\"display: inherit\">Erforderlichen Service akzeptieren und Inhalte entsperren<\/a> <\/div> <\/div> <\/div><\/div>\n<style>.mapouter{text-align:right;height:500px;width:100%;}.gmap_canvas {overflow:hidden;background:none!important;height:500px;width:100%;}<\/style>\n\t\t\t<h3>\u00d6ffentliche Verkehrsmittel<\/h3>\n\t\t\t\t\n<ul>\n<li>Bahnhof: Wiener Neustadt Hauptbahnhof (\u201eHbf.&#8220;).<\/li>\n<li>Vom Bahnhof nehmen Sie den Bus &#8222;G&#8220; in Richtung Wiener Neustadt, Johannes-Gutenberg-Str..<\/li>\n<li>Die Busfahrt dauert 10 Minuten und hat 7 Zwischenstopps.<\/li>\n<li>TFZ Wiener Neustadt liegt ca. 5 Gehminuten von der Bushaltestelle Wiener Neustadt J.-Gutenberg-Str. entfernt.<\/li>\n<\/ul>\n<ul>\n<li>Bahnhof: Wiener Neustadt Hauptbahnhof (\u201eHbf.&#8220;).<\/li>\n<li>Vom Bahnhof nehmen Sie den Stadtbus &#8222;K&#8220; in Richtung Wiener Neustadt, Aqua Nova.<\/li>\n<li>Die Busfahrt dauert 24 Minuten und hat 18 Zwischenstopps.<\/li>\n<li>TFZ Wiener Neustadt liegt ca. 4 Gehminuten von der Bushaltestelle Wiener Neustadt, Fa. Salesianer entfernt.<\/li>\n<\/ul>\n<ul>\n<li>Bahnhof: Wiener Neustadt Hauptbahnhof (\u201eHbf.&#8220;).<\/li>\n<li>Vom Bahnhof nehmen Sie den Stadtbus &#8222;G&#8220; in Richtung Wiener Neustadt Stephan-Koren-Str.\/Bellaflora.<\/li>\n<li>Die Busfahrt dauert 13 Minuten und hat 7 Zwischenstopps.<\/li>\n<li>TFZ Wiener Neustadt liegt ca. 12 Gehminuten von der Bushaltestelle Wiener Neustadt Stephan-Koren-Str.\/Bellaflora entfernt.<\/li>\n<\/ul>\n\n<ul>\n<li>Bahnhof: Wiener Neustadt Hauptbahnhof (\u201eHbf.&#8220;).<\/li>\n<li>Vom Bahnhof nehmen Sie die Linie &#8222;S60&#8220; in Richtung Bruck\/Leitha Bahnhof.<\/li>\n<li>Die Fahrt dauert 3 Minuten, steigen Sie an der ersten Station der Wiener Neustadt Civitas Nova aus.<\/li>\n<li>TFZ Wiener Neustadt liegt ca. 11 Gehminuten von der Zughaltestelle Wiener Neustadt Civitas Nova entfernt.<\/li>\n<\/ul>\n\n","protected":false},"excerpt":{"rendered":"<p>ACMIT Gmbh Viktor Kaplan-Stra\u00dfe 2 2700 Wiener Neustadt \u00d6sterreich Telefon: +43 2622 22859 0 E-Mail: office@acmit.at ACMIT Manufacturing GmbH Viktor Kaplan-Stra\u00dfe 2 2700 Wiener Neustadt \u00d6sterreich Telefon: +43 2622 22859 0 E-mail: office@acmit-manufacturing.at Medienkontakt F\u00fcr Medienanfragen wenden Sie sich bitte [&hellip;]<\/p>\n","protected":false},"author":1,"featured_media":0,"parent":0,"menu_order":0,"comment_status":"closed","ping_status":"closed","template":"","meta":{"_acf_changed":false,"_uag_custom_page_level_css":"","site-sidebar-layout":"no-sidebar","site-content-layout":"page-builder","ast-site-content-layout":"full-width-container","site-content-style":"unboxed","site-sidebar-style":"unboxed","ast-global-header-display":"","ast-banner-title-visibility":"","ast-main-header-display":"","ast-hfb-above-header-display":"","ast-hfb-below-header-display":"","ast-hfb-mobile-header-display":"","site-post-title":"disabled","ast-breadcrumbs-content":"","ast-featured-img":"","footer-sml-layout":"","theme-transparent-header-meta":"disabled","adv-header-id-meta":"","stick-header-meta":"default","header-above-stick-meta":"","header-main-stick-meta":"","header-below-stick-meta":"","astra-migrate-meta-layouts":"default","ast-page-background-enabled":"default","ast-page-background-meta":{"desktop":{"background-color":"","background-image":"","background-repeat":"repeat","background-position":"center center","background-size":"auto","background-attachment":"scroll","background-type":"","background-media":"","overlay-type":"","overlay-color":"","overlay-opacity":"","overlay-gradient":""},"tablet":{"background-color":"","background-image":"","background-repeat":"repeat","background-position":"center center","background-size":"auto","background-attachment":"scroll","background-type":"","background-media":"","overlay-type":"","overlay-color":"","overlay-opacity":"","overlay-gradient":""},"mobile":{"background-color":"","background-image":"","background-repeat":"repeat","background-position":"center center","background-size":"auto","background-attachment":"scroll","background-type":"","background-media":"","overlay-type":"","overlay-color":"","overlay-opacity":"","overlay-gradient":""}},"ast-content-background-meta":{"desktop":{"background-color":"var(--ast-global-color-5)","background-image":"","background-repeat":"repeat","background-position":"center center","background-size":"auto","background-attachment":"scroll","background-type":"","background-media":"","overlay-type":"","overlay-color":"","overlay-opacity":"","overlay-gradient":""},"tablet":{"background-color":"var(--ast-global-color-5)","background-image":"","background-repeat":"repeat","background-position":"center center","background-size":"auto","background-attachment":"scroll","background-type":"","background-media":"","overlay-type":"","overlay-color":"","overlay-opacity":"","overlay-gradient":""},"mobile":{"background-color":"var(--ast-global-color-5)","background-image":"","background-repeat":"repeat","background-position":"center center","background-size":"auto","background-attachment":"scroll","background-type":"","background-media":"","overlay-type":"","overlay-color":"","overlay-opacity":"","overlay-gradient":""}},"footnotes":""},"class_list":["post-6441","page","type-page","status-publish","hentry"],"acf":[],"uagb_featured_image_src":{"full":false,"thumbnail":false,"medium":false,"medium_large":false,"large":false,"1536x1536":false,"2048x2048":false,"woocommerce_thumbnail":false,"woocommerce_single":false,"woocommerce_gallery_thumbnail":false},"uagb_author_info":{"display_name":"webi","author_link":"https:\/\/acmit.at\/de\/author\/webi\/"},"uagb_comment_info":0,"uagb_excerpt":"ACMIT Gmbh Viktor Kaplan-Stra\u00dfe 2 2700 Wiener Neustadt \u00d6sterreich Telefon: +43 2622 22859 0 E-Mail: office@acmit.at ACMIT Manufacturing GmbH Viktor Kaplan-Stra\u00dfe 2 2700 Wiener Neustadt \u00d6sterreich Telefon: +43 2622 22859 0 E-mail: office@acmit-manufacturing.at Medienkontakt F\u00fcr Medienanfragen wenden Sie sich bitte [&hellip;]","_links":{"self":[{"href":"https:\/\/acmit.at\/de\/wp-json\/wp\/v2\/pages\/6441","targetHints":{"allow":["GET"]}}],"collection":[{"href":"https:\/\/acmit.at\/de\/wp-json\/wp\/v2\/pages"}],"about":[{"href":"https:\/\/acmit.at\/de\/wp-json\/wp\/v2\/types\/page"}],"author":[{"embeddable":true,"href":"https:\/\/acmit.at\/de\/wp-json\/wp\/v2\/users\/1"}],"replies":[{"embeddable":true,"href":"https:\/\/acmit.at\/de\/wp-json\/wp\/v2\/comments?post=6441"}],"version-history":[{"count":1,"href":"https:\/\/acmit.at\/de\/wp-json\/wp\/v2\/pages\/6441\/revisions"}],"predecessor-version":[{"id":7711,"href":"https:\/\/acmit.at\/de\/wp-json\/wp\/v2\/pages\/6441\/revisions\/7711"}],"wp:attachment":[{"href":"https:\/\/acmit.at\/de\/wp-json\/wp\/v2\/media?parent=6441"}],"curies":[{"name":"wp","href":"https:\/\/api.w.org\/{rel}","templated":true}]}}